{"id":758,"date":"2016-01-14T16:07:23","date_gmt":"2016-01-14T16:07:23","guid":{"rendered":"http:\/\/readanddigest.elated-themes.com\/?page_id=758"},"modified":"2016-01-14T16:07:23","modified_gmt":"2016-01-14T16:07:23","slug":"layout-8","status":"publish","type":"page","link":"https:\/\/gercekler.dijitalhukuk.site\/index.php\/layout-8\/","title":{"rendered":"Layout 8"},"content":{"rendered":"<p>[vc_row css=&#8221;.vc_custom_1453215130475{padding-top: 15px !important;}&#8221;][vc_column]<div class=\"eltdf-bnl-holder eltdf-pl-eight-holder  eltd-post-columns-4\"  data-base=\"eltdf_post_layout_eight\"    data-number_of_posts=\"4\" data-column_number=\"4\" data-category_id=\"2\"    data-post_in=\"17, 104, 383, 412\"   data-subtitle=\"No Pagination\" data-title=\"The Newest Info\"            data-display_pagination=\"no\"     data-paged=\"1\" data-max_pages=\"1\"><div class=\"eltdf-bnl-outer\"><div class=\"eltdf-bnl-inner\"><div class=\"eltdf-pt-eight-left eltdf-post-block-part\"><h6 class=\"eltdf-pt-eight-subtitle\">No Pagination<\/h6><h1 class=\"eltdf-pt-eight-title\">The Newest Info<\/h1><\/div><div class=\"eltdf-pt-eight-right eltdf-post-block-part\"><div class=\"eltdf-pt-eight-right-inner\"><div class=\"eltdf-pt-eight-item eltdf-post-item\">\n        <div class=\"eltdf-pt-eight-content-holder\">\n        <div class=\"eltdf-pt-eight-title-holder\">\n            <h3 class=\"eltdf-pt-eight-title\">\n            <a itemprop=\"url\" class=\"eltdf-pt-link\" href=\"https:\/\/gercekler.dijitalhukuk.site\/index.php\/2024\/08\/15\/2024-08-her-turlu-cabaya-ragmen-kamuoyu-adnan\/\" target=\"_self\">Her T\u00fcrl\u00fc \u00c7abaya Ra\u011fmen Kamuoyu Adnan Oktar\u2019\u0131n Su\u00e7lu Oldu\u011funa \u0130kna Edilememi\u015ftir<\/a>\n        <\/h3>\n        <\/div>\n    <\/div>\n            <div class=\"eltdf-pt-info-section clearfix\">\n            <div class=\"eltdf-pt-info-section-left\">\n                <div itemprop=\"dateCreated\" class=\"eltdf-post-info-date entry-date updated\">\n\t\t\t<a itemprop=\"url\" href=\"https:\/\/gercekler.dijitalhukuk.site\/index.php\/2024\/08\/\">\n\t\t15 A\u011fustos 2024\t\t\t<\/a>\n\t\t<meta itemprop=\"interactionCount\" content=\"UserComments: 0\"\/>\n<\/div>                            <\/div>\n            <div class=\"eltdf-pt-info-section-right\">\n                                            <\/div>\n        <\/div>\n    <\/div><div class=\"eltdf-pt-eight-item eltdf-post-item\">\n            <div class=\"eltdf-pt-eight-image-holder\">\n                        <div class=\"eltdf-pt-eight-image-inner-holder\">\n                <a itemprop=\"url\" class=\"eltdf-pt-eight-slide-link eltdf-image-link\" href=\"https:\/\/gercekler.dijitalhukuk.site\/index.php\/2016\/01\/13\/top-places-where-celebrities-hide-from-the-public\/\" target=\"_self\">\n                    <img loading=\"lazy\" decoding=\"async\" src=\"https:\/\/gercekler.dijitalhukuk.site\/wp-content\/themes\/readanddigest\/assets\/img\/default-no-image.jpg\" alt=\"\" width=\"280\" height=\"400\" \/>                <\/a>\n            <\/div>\n        <\/div>\n        <div class=\"eltdf-pt-eight-content-holder\">\n        <div class=\"eltdf-pt-eight-title-holder\">\n            <h3 class=\"eltdf-pt-eight-title\">\n            <a itemprop=\"url\" class=\"eltdf-pt-link\" href=\"https:\/\/gercekler.dijitalhukuk.site\/index.php\/2016\/01\/13\/top-places-where-celebrities-hide-from-the-public\/\" target=\"_self\">Top Places where Celebrities hide from The Public<\/a>\n        <\/h3>\n        <\/div>\n    <\/div>\n            <div class=\"eltdf-pt-info-section clearfix\">\n            <div class=\"eltdf-pt-info-section-left\">\n                <div itemprop=\"dateCreated\" class=\"eltdf-post-info-date entry-date updated\">\n\t\t\t<a itemprop=\"url\" href=\"https:\/\/gercekler.dijitalhukuk.site\/index.php\/2016\/01\/\">\n\t\t13 Ocak 2016\t\t\t<\/a>\n\t\t<meta itemprop=\"interactionCount\" content=\"UserComments: 2\"\/>\n<\/div>                            <\/div>\n            <div class=\"eltdf-pt-info-section-right\">\n                                            <\/div>\n        <\/div>\n    <\/div><div class=\"eltdf-pt-eight-item eltdf-post-item\">\n            <div class=\"eltdf-pt-eight-image-holder\">\n                        <div class=\"eltdf-pt-eight-image-inner-holder\">\n                <a itemprop=\"url\" class=\"eltdf-pt-eight-slide-link eltdf-image-link\" href=\"https:\/\/gercekler.dijitalhukuk.site\/index.php\/2016\/01\/13\/whats-new-in-this-seasons-dating-reality-shows\/\" target=\"_self\">\n                    <img loading=\"lazy\" decoding=\"async\" src=\"https:\/\/gercekler.dijitalhukuk.site\/wp-content\/uploads\/2016\/01\/e-whats-new-in-this-seasons-reality-shows-280x400.jpg\" alt=\"a\" width=\"280\" height=\"400\" \/>                <\/a>\n            <\/div>\n        <\/div>\n        <div class=\"eltdf-pt-eight-content-holder\">\n        <div class=\"eltdf-pt-eight-title-holder\">\n            <h3 class=\"eltdf-pt-eight-title\">\n            <a itemprop=\"url\" class=\"eltdf-pt-link\" href=\"https:\/\/gercekler.dijitalhukuk.site\/index.php\/2016\/01\/13\/whats-new-in-this-seasons-dating-reality-shows\/\" target=\"_self\">What\u2019s New in this Season\u2019s Dating Reality Shows<\/a>\n        <\/h3>\n        <\/div>\n    <\/div>\n            <div class=\"eltdf-pt-info-section clearfix\">\n            <div class=\"eltdf-pt-info-section-left\">\n                <div itemprop=\"dateCreated\" class=\"eltdf-post-info-date entry-date updated\">\n\t\t\t<a itemprop=\"url\" href=\"https:\/\/gercekler.dijitalhukuk.site\/index.php\/2016\/01\/\">\n\t\t13 Ocak 2016\t\t\t<\/a>\n\t\t<meta itemprop=\"interactionCount\" content=\"UserComments: 3\"\/>\n<\/div>                            <\/div>\n            <div class=\"eltdf-pt-info-section-right\">\n                                            <\/div>\n        <\/div>\n    <\/div><div class=\"eltdf-pt-eight-item eltdf-post-item\">\n            <div class=\"eltdf-pt-eight-image-holder\">\n                        <div class=\"eltdf-pt-eight-image-inner-holder\">\n                <a itemprop=\"url\" class=\"eltdf-pt-eight-slide-link eltdf-image-link\" href=\"https:\/\/gercekler.dijitalhukuk.site\/index.php\/2016\/01\/11\/a-fresh-look-at-your-favorite-young-celebrities\/\" target=\"_self\">\n                    <img loading=\"lazy\" decoding=\"async\" src=\"https:\/\/gercekler.dijitalhukuk.site\/wp-content\/uploads\/2016\/01\/e-a-fresh-look-at-your-favorite-celebs-280x400.jpg\" alt=\"a\" width=\"280\" height=\"400\" \/>                <\/a>\n            <\/div>\n        <\/div>\n        <div class=\"eltdf-pt-eight-content-holder\">\n        <div class=\"eltdf-pt-eight-title-holder\">\n            <h3 class=\"eltdf-pt-eight-title\">\n            <a itemprop=\"url\" class=\"eltdf-pt-link\" href=\"https:\/\/gercekler.dijitalhukuk.site\/index.php\/2016\/01\/11\/a-fresh-look-at-your-favorite-young-celebrities\/\" target=\"_self\">A Fresh Look at Your Favorite Young Celebrities<\/a>\n        <\/h3>\n        <\/div>\n    <\/div>\n            <div class=\"eltdf-pt-info-section clearfix\">\n            <div class=\"eltdf-pt-info-section-left\">\n                <div itemprop=\"dateCreated\" class=\"eltdf-post-info-date entry-date updated\">\n\t\t\t<a itemprop=\"url\" href=\"https:\/\/gercekler.dijitalhukuk.site\/index.php\/2016\/01\/\">\n\t\t11 Ocak 2016\t\t\t<\/a>\n\t\t<meta itemprop=\"interactionCount\" content=\"UserComments: 4\"\/>\n<\/div>                            <\/div>\n            <div class=\"eltdf-pt-info-section-right\">\n                                            <\/div>\n        <\/div>\n    <\/div><\/div><\/div><\/div><\/div><\/div><div class=\"eltdf-separator-holder clearfix  eltdf-separator-center eltdf-separator-full-width\">\n\t<div class=\"eltdf-separator\" style=\"border-color: #d1d1d1;border-style: solid;border-bottom-width: 1px\"><\/div>\n<\/div>\n[\/vc_column][\/vc_row][vc_row css=&#8221;.vc_custom_1454667874807{padding-top: 40px !important;padding-bottom: 108px !important;}&#8221;][vc_column]<div class=\"eltdf-bnl-holder eltdf-pl-eight-holder  eltd-post-columns-3 eltdf-post-pag-np-horizontal\"  data-base=\"eltdf_post_layout_eight\"    data-number_of_posts=\"3\" data-column_number=\"3\" data-category_id=\"5\"       data-subtitle=\"With Pagination\" data-title=\"The Greatest Gadgets\"            data-display_pagination=\"yes\" data-pagination_type=\"np-horizontal\"    data-paged=\"1\" data-max_pages=\"101\"  data-next_page=\"2\"><div class=\"eltdf-bnl-outer\"><div class=\"eltdf-bnl-inner\"><div class=\"eltdf-pt-eight-left eltdf-post-block-part\"><h6 class=\"eltdf-pt-eight-subtitle\">With Pagination<\/h6><h1 class=\"eltdf-pt-eight-title\">The Greatest Gadgets<\/h1><\/div><div class=\"eltdf-pt-eight-right eltdf-post-block-part\"><div class=\"eltdf-pt-eight-right-inner\"><div class=\"eltdf-pt-eight-item eltdf-post-item\">\n        <div class=\"eltdf-pt-eight-content-holder\">\n        <div class=\"eltdf-pt-eight-title-holder\">\n            <h3 class=\"eltdf-pt-eight-title\">\n            <a itemprop=\"url\" class=\"eltdf-pt-link\" href=\"https:\/\/gercekler.dijitalhukuk.site\/index.php\/2025\/08\/15\/2025-08-adnan-oktardan-duyurudur-israil\/\" target=\"_self\">Adnan Oktar&#8217;dan Duyurudur; &#8220;\u0130srail-Filistin Sava\u015f\u0131n\u0131 Durdurabilirim&#8221;<\/a>\n        <\/h3>\n        <\/div>\n    <\/div>\n            <div class=\"eltdf-pt-info-section clearfix\">\n            <div class=\"eltdf-pt-info-section-left\">\n                <div itemprop=\"dateCreated\" class=\"eltdf-post-info-date entry-date updated\">\n\t\t\t<a itemprop=\"url\" href=\"https:\/\/gercekler.dijitalhukuk.site\/index.php\/2025\/08\/\">\n\t\t15 A\u011fustos 2025\t\t\t<\/a>\n\t\t<meta itemprop=\"interactionCount\" content=\"UserComments: 0\"\/>\n<\/div>                            <\/div>\n            <div class=\"eltdf-pt-info-section-right\">\n                                            <\/div>\n        <\/div>\n    <\/div><div class=\"eltdf-pt-eight-item eltdf-post-item\">\n        <div class=\"eltdf-pt-eight-content-holder\">\n        <div class=\"eltdf-pt-eight-title-holder\">\n            <h3 class=\"eltdf-pt-eight-title\">\n            <a itemprop=\"url\" class=\"eltdf-pt-link\" href=\"https:\/\/gercekler.dijitalhukuk.site\/index.php\/2025\/08\/15\/2025-08-adnan-oktardan-duyurudur-kadn\/\" target=\"_self\">Adnan Oktar&#8217;dan Duyurudur; &#8220;Kad\u0131n Cinayetlerini Durdurabilirim&#8221;<\/a>\n        <\/h3>\n        <\/div>\n    <\/div>\n            <div class=\"eltdf-pt-info-section clearfix\">\n            <div class=\"eltdf-pt-info-section-left\">\n                <div itemprop=\"dateCreated\" class=\"eltdf-post-info-date entry-date updated\">\n\t\t\t<a itemprop=\"url\" href=\"https:\/\/gercekler.dijitalhukuk.site\/index.php\/2025\/08\/\">\n\t\t15 A\u011fustos 2025\t\t\t<\/a>\n\t\t<meta itemprop=\"interactionCount\" content=\"UserComments: 0\"\/>\n<\/div>                            <\/div>\n            <div class=\"eltdf-pt-info-section-right\">\n                                            <\/div>\n        <\/div>\n    <\/div><div class=\"eltdf-pt-eight-item eltdf-post-item\">\n        <div class=\"eltdf-pt-eight-content-holder\">\n        <div class=\"eltdf-pt-eight-title-holder\">\n            <h3 class=\"eltdf-pt-eight-title\">\n            <a itemprop=\"url\" class=\"eltdf-pt-link\" href=\"https:\/\/gercekler.dijitalhukuk.site\/index.php\/2025\/08\/14\/2025-08-gazetecinin-gorevi-sevgiyi-yesertmek\/\" target=\"_self\">Gazetecinin G\u00f6revi Sevgiyi Ye\u015fertmek Olmal\u0131<\/a>\n        <\/h3>\n        <\/div>\n    <\/div>\n            <div class=\"eltdf-pt-info-section clearfix\">\n            <div class=\"eltdf-pt-info-section-left\">\n                <div itemprop=\"dateCreated\" class=\"eltdf-post-info-date entry-date updated\">\n\t\t\t<a itemprop=\"url\" href=\"https:\/\/gercekler.dijitalhukuk.site\/index.php\/2025\/08\/\">\n\t\t14 A\u011fustos 2025\t\t\t<\/a>\n\t\t<meta itemprop=\"interactionCount\" content=\"UserComments: 0\"\/>\n<\/div>                            <\/div>\n            <div class=\"eltdf-pt-info-section-right\">\n                                            <\/div>\n        <\/div>\n    <\/div><\/div><\/div><\/div><\/div><div class=\"eltdf-bnl-navigation-holder\">\n    <div class=\"eltdf-bnl-navigation\">\n        <a class=\"eltdf-bnl-nav-icon eltdf-bnl-nav-prev\"><span><\/span><\/a>\n        <div class=\"eltdf-bnl-slider-paging\">\n                            <a class=\"eltdf-paging-button-holder\" href=\"#\"><span class=\"eltdf-paging-button\"><\/span><\/a>\n                            <a class=\"eltdf-paging-button-holder\" href=\"#\"><span class=\"eltdf-paging-button\"><\/span><\/a>\n                            <a class=\"eltdf-paging-button-holder\" href=\"#\"><span class=\"eltdf-paging-button\"><\/span><\/a>\n                            <a class=\"eltdf-paging-button-holder\" href=\"#\"><span class=\"eltdf-paging-button\"><\/span><\/a>\n                            <a class=\"eltdf-paging-button-holder\" href=\"#\"><span class=\"eltdf-paging-button\"><\/span><\/a>\n                            <a class=\"eltdf-paging-button-holder\" href=\"#\"><span class=\"eltdf-paging-button\"><\/span><\/a>\n                            <a class=\"eltdf-paging-button-holder\" href=\"#\"><span class=\"eltdf-paging-button\"><\/span><\/a>\n                            <a class=\"eltdf-paging-button-holder\" href=\"#\"><span class=\"eltdf-paging-button\"><\/span><\/a>\n                            <a class=\"eltdf-paging-button-holder\" href=\"#\"><span class=\"eltdf-paging-button\"><\/span><\/a>\n                            <a class=\"eltdf-paging-button-holder\" href=\"#\"><span class=\"eltdf-paging-button\"><\/span><\/a>\n                            <a class=\"eltdf-paging-button-holder\" href=\"#\"><span class=\"eltdf-paging-button\"><\/span><\/a>\n                            <a class=\"eltdf-paging-button-holder\" href=\"#\"><span class=\"eltdf-paging-button\"><\/span><\/a>\n                            <a class=\"eltdf-paging-button-holder\" href=\"#\"><span class=\"eltdf-paging-button\"><\/span><\/a>\n                            <a class=\"eltdf-paging-button-holder\" href=\"#\"><span class=\"eltdf-paging-button\"><\/span><\/a>\n                            <a class=\"eltdf-paging-button-holder\" href=\"#\"><span class=\"eltdf-paging-button\"><\/span><\/a>\n                            <a class=\"eltdf-paging-button-holder\" href=\"#\"><span class=\"eltdf-paging-button\"><\/span><\/a>\n                            <a class=\"eltdf-paging-button-holder\" href=\"#\"><span class=\"eltdf-paging-button\"><\/span><\/a>\n                            <a class=\"eltdf-paging-button-holder\" href=\"#\"><span class=\"eltdf-paging-button\"><\/span><\/a>\n                            <a class=\"eltdf-paging-button-holder\" href=\"#\"><span class=\"eltdf-paging-button\"><\/span><\/a>\n                            <a class=\"eltdf-paging-button-holder\" href=\"#\"><span class=\"eltdf-paging-button\"><\/span><\/a>\n                            <a class=\"eltdf-paging-button-holder\" href=\"#\"><span class=\"eltdf-paging-button\"><\/span><\/a>\n                            <a class=\"eltdf-paging-button-holder\" href=\"#\"><span class=\"eltdf-paging-button\"><\/span><\/a>\n                            <a class=\"eltdf-paging-button-holder\" href=\"#\"><span class=\"eltdf-paging-button\"><\/span><\/a>\n                            <a class=\"eltdf-paging-button-holder\" href=\"#\"><span class=\"eltdf-paging-button\"><\/span><\/a>\n                            <a class=\"eltdf-paging-button-holder\" href=\"#\"><span class=\"eltdf-paging-button\"><\/span><\/a>\n                            <a class=\"eltdf-paging-button-holder\" href=\"#\"><span class=\"eltdf-paging-button\"><\/span><\/a>\n                            <a class=\"eltdf-paging-button-holder\" href=\"#\"><span class=\"eltdf-paging-button\"><\/span><\/a>\n                            <a class=\"eltdf-paging-button-holder\" href=\"#\"><span class=\"eltdf-paging-button\"><\/span><\/a>\n                            <a class=\"eltdf-paging-button-holder\" href=\"#\"><span class=\"eltdf-paging-button\"><\/span><\/a>\n                            <a class=\"eltdf-paging-button-holder\" href=\"#\"><span class=\"eltdf-paging-button\"><\/span><\/a>\n                            <a class=\"eltdf-paging-button-holder\" href=\"#\"><span class=\"eltdf-paging-button\"><\/span><\/a>\n                            <a class=\"eltdf-paging-button-holder\" href=\"#\"><span class=\"eltdf-paging-button\"><\/span><\/a>\n                            <a class=\"eltdf-paging-button-holder\" href=\"#\"><span class=\"eltdf-paging-button\"><\/span><\/a>\n                            <a class=\"eltdf-paging-button-holder\" href=\"#\"><span class=\"eltdf-paging-button\"><\/span><\/a>\n                            <a class=\"eltdf-paging-button-holder\" href=\"#\"><span class=\"eltdf-paging-button\"><\/span><\/a>\n                            <a class=\"eltdf-paging-button-holder\" href=\"#\"><span class=\"eltdf-paging-button\"><\/span><\/a>\n                            <a class=\"eltdf-paging-button-holder\" href=\"#\"><span class=\"eltdf-paging-button\"><\/span><\/a>\n                            <a class=\"eltdf-paging-button-holder\" href=\"#\"><span class=\"eltdf-paging-button\"><\/span><\/a>\n                            <a class=\"eltdf-paging-button-holder\" href=\"#\"><span class=\"eltdf-paging-button\"><\/span><\/a>\n                            <a class=\"eltdf-paging-button-holder\" href=\"#\"><span class=\"eltdf-paging-button\"><\/span><\/a>\n                            <a class=\"eltdf-paging-button-holder\" href=\"#\"><span class=\"eltdf-paging-button\"><\/span><\/a>\n                            <a class=\"eltdf-paging-button-holder\" href=\"#\"><span class=\"eltdf-paging-button\"><\/span><\/a>\n                            <a class=\"eltdf-paging-button-holder\" href=\"#\"><span class=\"eltdf-paging-button\"><\/span><\/a>\n                            <a class=\"eltdf-paging-button-holder\" href=\"#\"><span class=\"eltdf-paging-button\"><\/span><\/a>\n                            <a class=\"eltdf-paging-button-holder\" href=\"#\"><span class=\"eltdf-paging-button\"><\/span><\/a>\n                            <a class=\"eltdf-paging-button-holder\" href=\"#\"><span class=\"eltdf-paging-button\"><\/span><\/a>\n                            <a class=\"eltdf-paging-button-holder\" href=\"#\"><span class=\"eltdf-paging-button\"><\/span><\/a>\n                            <a class=\"eltdf-paging-button-holder\" href=\"#\"><span class=\"eltdf-paging-button\"><\/span><\/a>\n                            <a class=\"eltdf-paging-button-holder\" href=\"#\"><span class=\"eltdf-paging-button\"><\/span><\/a>\n                            <a class=\"eltdf-paging-button-holder\" href=\"#\"><span class=\"eltdf-paging-button\"><\/span><\/a>\n                            <a class=\"eltdf-paging-button-holder\" href=\"#\"><span class=\"eltdf-paging-button\"><\/span><\/a>\n                            <a class=\"eltdf-paging-button-holder\" href=\"#\"><span class=\"eltdf-paging-button\"><\/span><\/a>\n                            <a class=\"eltdf-paging-button-holder\" href=\"#\"><span class=\"eltdf-paging-button\"><\/span><\/a>\n                            <a class=\"eltdf-paging-button-holder\" href=\"#\"><span class=\"eltdf-paging-button\"><\/span><\/a>\n                            <a class=\"eltdf-paging-button-holder\" href=\"#\"><span class=\"eltdf-paging-button\"><\/span><\/a>\n                            <a class=\"eltdf-paging-button-holder\" href=\"#\"><span class=\"eltdf-paging-button\"><\/span><\/a>\n                            <a class=\"eltdf-paging-button-holder\" href=\"#\"><span class=\"eltdf-paging-button\"><\/span><\/a>\n                            <a class=\"eltdf-paging-button-holder\" href=\"#\"><span class=\"eltdf-paging-button\"><\/span><\/a>\n                            <a class=\"eltdf-paging-button-holder\" href=\"#\"><span class=\"eltdf-paging-button\"><\/span><\/a>\n                            <a class=\"eltdf-paging-button-holder\" href=\"#\"><span class=\"eltdf-paging-button\"><\/span><\/a>\n                            <a class=\"eltdf-paging-button-holder\" href=\"#\"><span class=\"eltdf-paging-button\"><\/span><\/a>\n                            <a class=\"eltdf-paging-button-holder\" href=\"#\"><span class=\"eltdf-paging-button\"><\/span><\/a>\n                            <a class=\"eltdf-paging-button-holder\" href=\"#\"><span class=\"eltdf-paging-button\"><\/span><\/a>\n                            <a class=\"eltdf-paging-button-holder\" href=\"#\"><span class=\"eltdf-paging-button\"><\/span><\/a>\n                            <a class=\"eltdf-paging-button-holder\" href=\"#\"><span class=\"eltdf-paging-button\"><\/span><\/a>\n                            <a class=\"eltdf-paging-button-holder\" href=\"#\"><span class=\"eltdf-paging-button\"><\/span><\/a>\n                            <a class=\"eltdf-paging-button-holder\" href=\"#\"><span class=\"eltdf-paging-button\"><\/span><\/a>\n                            <a class=\"eltdf-paging-button-holder\" href=\"#\"><span class=\"eltdf-paging-button\"><\/span><\/a>\n                            <a class=\"eltdf-paging-button-holder\" href=\"#\"><span class=\"eltdf-paging-button\"><\/span><\/a>\n                            <a class=\"eltdf-paging-button-holder\" href=\"#\"><span class=\"eltdf-paging-button\"><\/span><\/a>\n                            <a class=\"eltdf-paging-button-holder\" href=\"#\"><span class=\"eltdf-paging-button\"><\/span><\/a>\n                            <a class=\"eltdf-paging-button-holder\" href=\"#\"><span class=\"eltdf-paging-button\"><\/span><\/a>\n                            <a class=\"eltdf-paging-button-holder\" href=\"#\"><span class=\"eltdf-paging-button\"><\/span><\/a>\n                            <a class=\"eltdf-paging-button-holder\" href=\"#\"><span class=\"eltdf-paging-button\"><\/span><\/a>\n                            <a class=\"eltdf-paging-button-holder\" href=\"#\"><span class=\"eltdf-paging-button\"><\/span><\/a>\n                            <a class=\"eltdf-paging-button-holder\" href=\"#\"><span class=\"eltdf-paging-button\"><\/span><\/a>\n                            <a class=\"eltdf-paging-button-holder\" href=\"#\"><span class=\"eltdf-paging-button\"><\/span><\/a>\n                            <a class=\"eltdf-paging-button-holder\" href=\"#\"><span class=\"eltdf-paging-button\"><\/span><\/a>\n                            <a class=\"eltdf-paging-button-holder\" href=\"#\"><span class=\"eltdf-paging-button\"><\/span><\/a>\n                            <a class=\"eltdf-paging-button-holder\" href=\"#\"><span class=\"eltdf-paging-button\"><\/span><\/a>\n                            <a class=\"eltdf-paging-button-holder\" href=\"#\"><span class=\"eltdf-paging-button\"><\/span><\/a>\n                            <a class=\"eltdf-paging-button-holder\" href=\"#\"><span class=\"eltdf-paging-button\"><\/span><\/a>\n                            <a class=\"eltdf-paging-button-holder\" href=\"#\"><span class=\"eltdf-paging-button\"><\/span><\/a>\n                            <a class=\"eltdf-paging-button-holder\" href=\"#\"><span class=\"eltdf-paging-button\"><\/span><\/a>\n                            <a class=\"eltdf-paging-button-holder\" href=\"#\"><span class=\"eltdf-paging-button\"><\/span><\/a>\n                            <a class=\"eltdf-paging-button-holder\" href=\"#\"><span class=\"eltdf-paging-button\"><\/span><\/a>\n                            <a class=\"eltdf-paging-button-holder\" href=\"#\"><span class=\"eltdf-paging-button\"><\/span><\/a>\n                            <a class=\"eltdf-paging-button-holder\" href=\"#\"><span class=\"eltdf-paging-button\"><\/span><\/a>\n                            <a class=\"eltdf-paging-button-holder\" href=\"#\"><span class=\"eltdf-paging-button\"><\/span><\/a>\n                            <a class=\"eltdf-paging-button-holder\" href=\"#\"><span class=\"eltdf-paging-button\"><\/span><\/a>\n                            <a class=\"eltdf-paging-button-holder\" href=\"#\"><span class=\"eltdf-paging-button\"><\/span><\/a>\n                            <a class=\"eltdf-paging-button-holder\" href=\"#\"><span class=\"eltdf-paging-button\"><\/span><\/a>\n                            <a class=\"eltdf-paging-button-holder\" href=\"#\"><span class=\"eltdf-paging-button\"><\/span><\/a>\n                            <a class=\"eltdf-paging-button-holder\" href=\"#\"><span class=\"eltdf-paging-button\"><\/span><\/a>\n                            <a class=\"eltdf-paging-button-holder\" href=\"#\"><span class=\"eltdf-paging-button\"><\/span><\/a>\n                            <a class=\"eltdf-paging-button-holder\" href=\"#\"><span class=\"eltdf-paging-button\"><\/span><\/a>\n                            <a class=\"eltdf-paging-button-holder\" href=\"#\"><span class=\"eltdf-paging-button\"><\/span><\/a>\n                            <a class=\"eltdf-paging-button-holder\" href=\"#\"><span class=\"eltdf-paging-button\"><\/span><\/a>\n                            <a class=\"eltdf-paging-button-holder\" href=\"#\"><span class=\"eltdf-paging-button\"><\/span><\/a>\n                            <a class=\"eltdf-paging-button-holder\" href=\"#\"><span class=\"eltdf-paging-button\"><\/span><\/a>\n                            <a class=\"eltdf-paging-button-holder\" href=\"#\"><span class=\"eltdf-paging-button\"><\/span><\/a>\n                    <\/div>\n        <a class=\"eltdf-bnl-nav-icon eltdf-bnl-nav-next\"><span><\/span><\/a>\n    <\/div>\n<\/div><div class=\"eltdf-post-ajax-preloader\" style=\"display: none;\">\n    <div class=\"eltdf-pulse\"><\/div>\n    <div class=\"eltdf-pulse\"><\/div>\n    <div class=\"eltdf-pulse\"><\/div>\n<\/div><\/div>[\/vc_column][\/vc_row]<\/p>\n","protected":false},"excerpt":{"rendered":"<p>[vc_row css=&#8221;.vc_custom_1453215130475{padding-top: 15px !important;}&#8221;][vc_column][\/vc_column][\/vc_row][vc_row css=&#8221;.vc_custom_1454667874807{padding-top: 40px !important;padding-bottom: 108px !important;}&#8221;][vc_column][\/vc_column][\/vc_row]<\/p>\n","protected":false},"author":1,"featured_media":0,"parent":0,"menu_order":0,"comment_status":"closed","ping_status":"closed","template":"","meta":{"_acf_changed":false,"footnotes":""},"class_list":["post-758","page","type-page","status-publish","hentry"],"acf":[],"_links":{"self":[{"href":"https:\/\/gercekler.dijitalhukuk.site\/index.php\/wp-json\/wp\/v2\/pages\/758","targetHints":{"allow":["GET"]}}],"collection":[{"href":"https:\/\/gercekler.dijitalhukuk.site\/index.php\/wp-json\/wp\/v2\/pages"}],"about":[{"href":"https:\/\/gercekler.dijitalhukuk.site\/index.php\/wp-json\/wp\/v2\/types\/page"}],"author":[{"embeddable":true,"href":"https:\/\/gercekler.dijitalhukuk.site\/index.php\/wp-json\/wp\/v2\/users\/1"}],"replies":[{"embeddable":true,"href":"https:\/\/gercekler.dijitalhukuk.site\/index.php\/wp-json\/wp\/v2\/comments?post=758"}],"version-history":[{"count":0,"href":"https:\/\/gercekler.dijitalhukuk.site\/index.php\/wp-json\/wp\/v2\/pages\/758\/revisions"}],"wp:attachment":[{"href":"https:\/\/gercekler.dijitalhukuk.site\/index.php\/wp-json\/wp\/v2\/media?parent=758"}],"curies":[{"name":"wp","href":"https:\/\/api.w.org\/{rel}","templated":true}]}}