{"id":757,"date":"2016-01-14T16:08:08","date_gmt":"2016-01-14T16:08:08","guid":{"rendered":"http:\/\/readanddigest.elated-themes.com\/?page_id=757"},"modified":"2016-01-14T16:08:08","modified_gmt":"2016-01-14T16:08:08","slug":"layout-7","status":"publish","type":"page","link":"https:\/\/gercekler.dijitalhukuk.site\/index.php\/layout-7\/","title":{"rendered":"Layout 7"},"content":{"rendered":"<p>[vc_row css=&#8221;.vc_custom_1453214798068{padding-top: 5px !important;}&#8221;][vc_column]<div class=\"eltdf-section-title-holder clearfix\">\n            <h6 class=\"eltdf-st-title\">\n        Two Columns        <\/h6>\n    <\/div>[vc_empty_space height=&#8221;8px&#8221;]<div class=\"eltdf-bnl-holder eltdf-pl-seven-holder  eltd-post-columns-2\"  data-base=\"eltdf_post_layout_seven\"    data-number_of_posts=\"2\" data-column_number=\"2\"   data-author_id=\"7\"              data-display_pagination=\"no\"     data-paged=\"1\" data-max_pages=\"152\"><div class=\"eltdf-bnl-outer\"><div class=\"eltdf-bnl-inner\"><div class=\"eltdf-pt-seven-item eltdf-post-item\">\n    <div class=\"eltdf-pt-seven-content-holder\">\n        <div class=\"eltdf-pt-seven-title-holder\">\n            <h3 class=\"eltdf-pt-seven-title\">\n            <a itemprop=\"url\" class=\"eltdf-pt-link\" href=\"https:\/\/gercekler.dijitalhukuk.site\/index.php\/2025\/08\/15\/2025-08-adnan-oktardan-duyurudur-israil\/\" target=\"_self\">Adnan Oktar&#8217;dan Duyurudur; &#8220;\u0130srail-Filistin Sava\u015f\u0131n\u0131 Durdurabilirim&#8221;<\/a>\n        <\/h3>\n    <\/div>\n            <div class=\"eltdf-pt-seven-excerpt\">\n            <p class=\"eltdf-post-excerpt\">M\u00fcvekkil Adnan Oktar, \u00e7ok uzun bir s\u00fcredir \u00f6nemli bir konuya dikkat \u00e7ekmekte ve bir t\u00fcrl\u00fc \u00e7\u00f6z\u00fcm \u00fcretilemeyen \u0130srail-Filistin sava\u015f\u0131na \u00e7\u00f6z\u00fcm<\/p>        <\/div>\n    <\/div>\n    <div class=\"eltdf-pt-info-section clearfix\">\n        <div class=\"eltdf-pt-info-section-left\">\n            <div itemprop=\"dateCreated\" class=\"eltdf-post-info-date entry-date updated\">\n\t\t\t<a itemprop=\"url\" href=\"https:\/\/gercekler.dijitalhukuk.site\/index.php\/2025\/08\/\">\n\t\t15 A\u011fustos 2025\t\t\t<\/a>\n\t\t<meta itemprop=\"interactionCount\" content=\"UserComments: 0\"\/>\n<\/div>                    <\/div>\n        <div class=\"eltdf-pt-info-section-right\">\n                                <\/div>\n    <\/div>\n<\/div><div class=\"eltdf-pt-seven-item eltdf-post-item\">\n    <div class=\"eltdf-pt-seven-content-holder\">\n        <div class=\"eltdf-pt-seven-title-holder\">\n            <h3 class=\"eltdf-pt-seven-title\">\n            <a itemprop=\"url\" class=\"eltdf-pt-link\" href=\"https:\/\/gercekler.dijitalhukuk.site\/index.php\/2025\/08\/15\/2025-08-adnan-oktardan-duyurudur-kadn\/\" target=\"_self\">Adnan Oktar&#8217;dan Duyurudur; &#8220;Kad\u0131n Cinayetlerini Durdurabilirim&#8221;<\/a>\n        <\/h3>\n    <\/div>\n            <div class=\"eltdf-pt-seven-excerpt\">\n            <p class=\"eltdf-post-excerpt\">Kad\u0131n Cinayetlerini Durduraca\u011f\u0131z Platformu 2019 y\u0131l\u0131 raporuna g\u00f6re 2019'da i\u015flenen 474 kad\u0131n cinayetinden 115'i \u015f\u00fcpheli olarak kay\u0131tlara ge\u00e7mi\u015f ve su\u00e7lular\u0131<\/p>        <\/div>\n    <\/div>\n    <div class=\"eltdf-pt-info-section clearfix\">\n        <div class=\"eltdf-pt-info-section-left\">\n            <div itemprop=\"dateCreated\" class=\"eltdf-post-info-date entry-date updated\">\n\t\t\t<a itemprop=\"url\" href=\"https:\/\/gercekler.dijitalhukuk.site\/index.php\/2025\/08\/\">\n\t\t15 A\u011fustos 2025\t\t\t<\/a>\n\t\t<meta itemprop=\"interactionCount\" content=\"UserComments: 0\"\/>\n<\/div>                    <\/div>\n        <div class=\"eltdf-pt-info-section-right\">\n                                <\/div>\n    <\/div>\n<\/div><\/div><\/div><\/div><div class=\"eltdf-separator-holder clearfix  eltdf-separator-center eltdf-separator-full-width\">\n\t<div class=\"eltdf-separator\" style=\"border-color: #d1d1d1;border-bottom-width: 1px;margin-top: 0px;margin-bottom: 40px\"><\/div>\n<\/div>\n[\/vc_column][\/vc_row][vc_row][vc_column]<div class=\"eltdf-section-title-holder clearfix\">\n            <h6 class=\"eltdf-st-title\">\n        Three Columns        <\/h6>\n    <\/div>[vc_empty_space height=&#8221;8px&#8221;]<div class=\"eltdf-bnl-holder eltdf-pl-seven-holder  eltd-post-columns-3\"  data-base=\"eltdf_post_layout_seven\"    data-number_of_posts=\"3\" data-column_number=\"3\" data-category_id=\"2\"                data-display_pagination=\"no\"     data-paged=\"1\" data-max_pages=\"101\"><div class=\"eltdf-bnl-outer\"><div class=\"eltdf-bnl-inner\"><div class=\"eltdf-pt-seven-item eltdf-post-item\">\n    <div class=\"eltdf-pt-seven-content-holder\">\n        <div class=\"eltdf-pt-seven-title-holder\">\n            <h3 class=\"eltdf-pt-seven-title\">\n            <a itemprop=\"url\" class=\"eltdf-pt-link\" href=\"https:\/\/gercekler.dijitalhukuk.site\/index.php\/2025\/08\/15\/2025-08-adnan-oktardan-duyurudur-israil\/\" target=\"_self\">Adnan Oktar&#8217;dan Duyurudur; &#8220;\u0130srail-Filistin Sava\u015f\u0131n\u0131 Durdurabilirim&#8221;<\/a>\n        <\/h3>\n    <\/div>\n            <div class=\"eltdf-pt-seven-excerpt\">\n            <p class=\"eltdf-post-excerpt\">M\u00fcvekkil Adnan Oktar, \u00e7ok uzun bir s\u00fcredir \u00f6nemli bir konuya dikkat \u00e7ekmekte ve bir t\u00fcrl\u00fc \u00e7\u00f6z\u00fcm \u00fcretilemeyen \u0130srail-Filistin sava\u015f\u0131na \u00e7\u00f6z\u00fcm<\/p>        <\/div>\n    <\/div>\n    <div class=\"eltdf-pt-info-section clearfix\">\n        <div class=\"eltdf-pt-info-section-left\">\n            <div itemprop=\"dateCreated\" class=\"eltdf-post-info-date entry-date updated\">\n\t\t\t<a itemprop=\"url\" href=\"https:\/\/gercekler.dijitalhukuk.site\/index.php\/2025\/08\/\">\n\t\t15 A\u011fustos 2025\t\t\t<\/a>\n\t\t<meta itemprop=\"interactionCount\" content=\"UserComments: 0\"\/>\n<\/div>                    <\/div>\n        <div class=\"eltdf-pt-info-section-right\">\n                                <\/div>\n    <\/div>\n<\/div><div class=\"eltdf-pt-seven-item eltdf-post-item\">\n    <div class=\"eltdf-pt-seven-content-holder\">\n        <div class=\"eltdf-pt-seven-title-holder\">\n            <h3 class=\"eltdf-pt-seven-title\">\n            <a itemprop=\"url\" class=\"eltdf-pt-link\" href=\"https:\/\/gercekler.dijitalhukuk.site\/index.php\/2025\/08\/15\/2025-08-adnan-oktardan-duyurudur-kadn\/\" target=\"_self\">Adnan Oktar&#8217;dan Duyurudur; &#8220;Kad\u0131n Cinayetlerini Durdurabilirim&#8221;<\/a>\n        <\/h3>\n    <\/div>\n            <div class=\"eltdf-pt-seven-excerpt\">\n            <p class=\"eltdf-post-excerpt\">Kad\u0131n Cinayetlerini Durduraca\u011f\u0131z Platformu 2019 y\u0131l\u0131 raporuna g\u00f6re 2019'da i\u015flenen 474 kad\u0131n cinayetinden 115'i \u015f\u00fcpheli olarak kay\u0131tlara ge\u00e7mi\u015f ve su\u00e7lular\u0131<\/p>        <\/div>\n    <\/div>\n    <div class=\"eltdf-pt-info-section clearfix\">\n        <div class=\"eltdf-pt-info-section-left\">\n            <div itemprop=\"dateCreated\" class=\"eltdf-post-info-date entry-date updated\">\n\t\t\t<a itemprop=\"url\" href=\"https:\/\/gercekler.dijitalhukuk.site\/index.php\/2025\/08\/\">\n\t\t15 A\u011fustos 2025\t\t\t<\/a>\n\t\t<meta itemprop=\"interactionCount\" content=\"UserComments: 0\"\/>\n<\/div>                    <\/div>\n        <div class=\"eltdf-pt-info-section-right\">\n                                <\/div>\n    <\/div>\n<\/div><div class=\"eltdf-pt-seven-item eltdf-post-item\">\n    <div class=\"eltdf-pt-seven-content-holder\">\n        <div class=\"eltdf-pt-seven-title-holder\">\n            <h3 class=\"eltdf-pt-seven-title\">\n            <a itemprop=\"url\" class=\"eltdf-pt-link\" href=\"https:\/\/gercekler.dijitalhukuk.site\/index.php\/2025\/08\/14\/2025-08-gazetecinin-gorevi-sevgiyi-yesertmek\/\" target=\"_self\">Gazetecinin G\u00f6revi Sevgiyi Ye\u015fertmek Olmal\u0131<\/a>\n        <\/h3>\n    <\/div>\n            <div class=\"eltdf-pt-seven-excerpt\">\n            <p class=\"eltdf-post-excerpt\">Adnan Oktar'dan Kamuoyu Duyurusudur\nBir \u00fclkenin televizyonlar\u0131nda veya yaz\u0131l\u0131 bas\u0131n\u0131nda sadece felaketlerin haber olmas\u0131 nas\u0131l olur da normal kar\u015f\u0131lanabilir? Sadece \u00f6l\u00fcm,<\/p>        <\/div>\n    <\/div>\n    <div class=\"eltdf-pt-info-section clearfix\">\n        <div class=\"eltdf-pt-info-section-left\">\n            <div itemprop=\"dateCreated\" class=\"eltdf-post-info-date entry-date updated\">\n\t\t\t<a itemprop=\"url\" href=\"https:\/\/gercekler.dijitalhukuk.site\/index.php\/2025\/08\/\">\n\t\t14 A\u011fustos 2025\t\t\t<\/a>\n\t\t<meta itemprop=\"interactionCount\" content=\"UserComments: 0\"\/>\n<\/div>                    <\/div>\n        <div class=\"eltdf-pt-info-section-right\">\n                                <\/div>\n    <\/div>\n<\/div><\/div><\/div><\/div><div class=\"eltdf-separator-holder clearfix  eltdf-separator-center eltdf-separator-full-width\">\n\t<div class=\"eltdf-separator\" style=\"border-color: #d1d1d1;border-bottom-width: 1px;margin-top: 0px;margin-bottom: 40px\"><\/div>\n<\/div>\n[\/vc_column][\/vc_row][vc_row css=&#8221;.vc_custom_1454667809576{padding-bottom: 65px !important;}&#8221;][vc_column]<div class=\"eltdf-section-title-holder clearfix\">\n            <h6 class=\"eltdf-st-title\">\n        Four Columns        <\/h6>\n    <\/div>[vc_empty_space height=&#8221;8px&#8221;]<div class=\"eltdf-bnl-holder eltdf-pl-seven-holder  eltd-post-columns-4\"  data-base=\"eltdf_post_layout_seven\"    data-number_of_posts=\"4\" data-column_number=\"4\"   data-author_id=\"2\"   data-post_not_in=\"480\"           data-display_pagination=\"no\"     data-paged=\"1\" data-max_pages=\"76\"><div class=\"eltdf-bnl-outer\"><div class=\"eltdf-bnl-inner\"><div class=\"eltdf-pt-seven-item eltdf-post-item\">\n    <div class=\"eltdf-pt-seven-content-holder\">\n        <div class=\"eltdf-pt-seven-title-holder\">\n            <h3 class=\"eltdf-pt-seven-title\">\n            <a itemprop=\"url\" class=\"eltdf-pt-link\" href=\"https:\/\/gercekler.dijitalhukuk.site\/index.php\/2025\/08\/15\/2025-08-adnan-oktardan-duyurudur-israil\/\" target=\"_self\">Adnan Oktar&#8217;dan Duyurudur; &#8220;\u0130srail-Filistin Sava\u015f\u0131n\u0131 Durdurabilirim&#8221;<\/a>\n        <\/h3>\n    <\/div>\n            <div class=\"eltdf-pt-seven-excerpt\">\n            <p class=\"eltdf-post-excerpt\">M\u00fcvekkil Adnan Oktar, \u00e7ok uzun bir s\u00fcredir \u00f6nemli bir konuya dikkat \u00e7ekmekte ve bir t\u00fcrl\u00fc \u00e7\u00f6z\u00fcm \u00fcretilemeyen \u0130srail-Filistin sava\u015f\u0131na \u00e7\u00f6z\u00fcm<\/p>        <\/div>\n    <\/div>\n    <div class=\"eltdf-pt-info-section clearfix\">\n        <div class=\"eltdf-pt-info-section-left\">\n            <div itemprop=\"dateCreated\" class=\"eltdf-post-info-date entry-date updated\">\n\t\t\t<a itemprop=\"url\" href=\"https:\/\/gercekler.dijitalhukuk.site\/index.php\/2025\/08\/\">\n\t\t15 A\u011fustos 2025\t\t\t<\/a>\n\t\t<meta itemprop=\"interactionCount\" content=\"UserComments: 0\"\/>\n<\/div>                    <\/div>\n        <div class=\"eltdf-pt-info-section-right\">\n                                <\/div>\n    <\/div>\n<\/div><div class=\"eltdf-pt-seven-item eltdf-post-item\">\n    <div class=\"eltdf-pt-seven-content-holder\">\n        <div class=\"eltdf-pt-seven-title-holder\">\n            <h3 class=\"eltdf-pt-seven-title\">\n            <a itemprop=\"url\" class=\"eltdf-pt-link\" href=\"https:\/\/gercekler.dijitalhukuk.site\/index.php\/2025\/08\/15\/2025-08-adnan-oktardan-duyurudur-kadn\/\" target=\"_self\">Adnan Oktar&#8217;dan Duyurudur; &#8220;Kad\u0131n Cinayetlerini Durdurabilirim&#8221;<\/a>\n        <\/h3>\n    <\/div>\n            <div class=\"eltdf-pt-seven-excerpt\">\n            <p class=\"eltdf-post-excerpt\">Kad\u0131n Cinayetlerini Durduraca\u011f\u0131z Platformu 2019 y\u0131l\u0131 raporuna g\u00f6re 2019'da i\u015flenen 474 kad\u0131n cinayetinden 115'i \u015f\u00fcpheli olarak kay\u0131tlara ge\u00e7mi\u015f ve su\u00e7lular\u0131<\/p>        <\/div>\n    <\/div>\n    <div class=\"eltdf-pt-info-section clearfix\">\n        <div class=\"eltdf-pt-info-section-left\">\n            <div itemprop=\"dateCreated\" class=\"eltdf-post-info-date entry-date updated\">\n\t\t\t<a itemprop=\"url\" href=\"https:\/\/gercekler.dijitalhukuk.site\/index.php\/2025\/08\/\">\n\t\t15 A\u011fustos 2025\t\t\t<\/a>\n\t\t<meta itemprop=\"interactionCount\" content=\"UserComments: 0\"\/>\n<\/div>                    <\/div>\n        <div class=\"eltdf-pt-info-section-right\">\n                                <\/div>\n    <\/div>\n<\/div><div class=\"eltdf-pt-seven-item eltdf-post-item\">\n    <div class=\"eltdf-pt-seven-content-holder\">\n        <div class=\"eltdf-pt-seven-title-holder\">\n            <h3 class=\"eltdf-pt-seven-title\">\n            <a itemprop=\"url\" class=\"eltdf-pt-link\" href=\"https:\/\/gercekler.dijitalhukuk.site\/index.php\/2025\/08\/14\/2025-08-gazetecinin-gorevi-sevgiyi-yesertmek\/\" target=\"_self\">Gazetecinin G\u00f6revi Sevgiyi Ye\u015fertmek Olmal\u0131<\/a>\n        <\/h3>\n    <\/div>\n            <div class=\"eltdf-pt-seven-excerpt\">\n            <p class=\"eltdf-post-excerpt\">Adnan Oktar'dan Kamuoyu Duyurusudur\nBir \u00fclkenin televizyonlar\u0131nda veya yaz\u0131l\u0131 bas\u0131n\u0131nda sadece felaketlerin haber olmas\u0131 nas\u0131l olur da normal kar\u015f\u0131lanabilir? Sadece \u00f6l\u00fcm,<\/p>        <\/div>\n    <\/div>\n    <div class=\"eltdf-pt-info-section clearfix\">\n        <div class=\"eltdf-pt-info-section-left\">\n            <div itemprop=\"dateCreated\" class=\"eltdf-post-info-date entry-date updated\">\n\t\t\t<a itemprop=\"url\" href=\"https:\/\/gercekler.dijitalhukuk.site\/index.php\/2025\/08\/\">\n\t\t14 A\u011fustos 2025\t\t\t<\/a>\n\t\t<meta itemprop=\"interactionCount\" content=\"UserComments: 0\"\/>\n<\/div>                    <\/div>\n        <div class=\"eltdf-pt-info-section-right\">\n                                <\/div>\n    <\/div>\n<\/div><div class=\"eltdf-pt-seven-item eltdf-post-item\">\n    <div class=\"eltdf-pt-seven-content-holder\">\n        <div class=\"eltdf-pt-seven-title-holder\">\n            <h3 class=\"eltdf-pt-seven-title\">\n            <a itemprop=\"url\" class=\"eltdf-pt-link\" href=\"https:\/\/gercekler.dijitalhukuk.site\/index.php\/2025\/08\/09\/2025-08-baz-sol-gazetecilerin-muvekkil-adnan\/\" target=\"_self\">Baz\u0131 Sol Gazetecilerin M\u00fcvekkil Adnan Oktar\u2019a Y\u00f6nelik \u0130deolojik Husumetine Kar\u015f\u0131 Bir Hat\u0131rlatma<\/a>\n        <\/h3>\n    <\/div>\n            <div class=\"eltdf-pt-seven-excerpt\">\n            <p class=\"eltdf-post-excerpt\">\nV\u0130CDANINI \u0130DEOLOJ\u0130S\u0130NE VE MENFAATLER\u0130NE REH\u0130N VERENLER\u0130 HALKIMIZ KABUL ETMEZ \nBaz\u0131 sol \u00e7evrelerin m\u00fcvekkil Adnan Oktar\u2019a y\u00f6nelik \u00f6fkesinin hala dinmemi\u015f olmas\u0131n\u0131n<\/p>        <\/div>\n    <\/div>\n    <div class=\"eltdf-pt-info-section clearfix\">\n        <div class=\"eltdf-pt-info-section-left\">\n            <div itemprop=\"dateCreated\" class=\"eltdf-post-info-date entry-date updated\">\n\t\t\t<a itemprop=\"url\" href=\"https:\/\/gercekler.dijitalhukuk.site\/index.php\/2025\/08\/\">\n\t\t09 A\u011fustos 2025\t\t\t<\/a>\n\t\t<meta itemprop=\"interactionCount\" content=\"UserComments: 0\"\/>\n<\/div>                    <\/div>\n        <div class=\"eltdf-pt-info-section-right\">\n                                <\/div>\n    <\/div>\n<\/div><\/div><\/div><\/div>[\/vc_column][\/vc_row]<\/p>\n","protected":false},"excerpt":{"rendered":"<p>[vc_row css=&#8221;.vc_custom_1453214798068{padding-top: 5px !important;}&#8221;][vc_column][vc_empty_space height=&#8221;8px&#8221;][\/vc_column][\/vc_row][vc_row][vc_column][vc_empty_space height=&#8221;8px&#8221;][\/vc_column][\/vc_row][vc_row css=&#8221;.vc_custom_1454667809576{padding-bottom: 65px !important;}&#8221;][vc_column][vc_empty_space height=&#8221;8px&#8221;][\/vc_column][\/vc_row]<\/p>\n","protected":false},"author":1,"featured_media":0,"parent":0,"menu_order":0,"comment_status":"closed","ping_status":"closed","template":"","meta":{"_acf_changed":false,"footnotes":""},"class_list":["post-757","page","type-page","status-publish","hentry"],"acf":[],"_links":{"self":[{"href":"https:\/\/gercekler.dijitalhukuk.site\/index.php\/wp-json\/wp\/v2\/pages\/757","targetHints":{"allow":["GET"]}}],"collection":[{"href":"https:\/\/gercekler.dijitalhukuk.site\/index.php\/wp-json\/wp\/v2\/pages"}],"about":[{"href":"https:\/\/gercekler.dijitalhukuk.site\/index.php\/wp-json\/wp\/v2\/types\/page"}],"author":[{"embeddable":true,"href":"https:\/\/gercekler.dijitalhukuk.site\/index.php\/wp-json\/wp\/v2\/users\/1"}],"replies":[{"embeddable":true,"href":"https:\/\/gercekler.dijitalhukuk.site\/index.php\/wp-json\/wp\/v2\/comments?post=757"}],"version-history":[{"count":0,"href":"https:\/\/gercekler.dijitalhukuk.site\/index.php\/wp-json\/wp\/v2\/pages\/757\/revisions"}],"wp:attachment":[{"href":"https:\/\/gercekler.dijitalhukuk.site\/index.php\/wp-json\/wp\/v2\/media?parent=757"}],"curies":[{"name":"wp","href":"https:\/\/api.w.org\/{rel}","templated":true}]}}