{"id":744,"date":"2016-01-14T15:59:48","date_gmt":"2016-01-14T15:59:48","guid":{"rendered":"http:\/\/readanddigest.elated-themes.com\/?page_id=744"},"modified":"2016-01-14T15:59:48","modified_gmt":"2016-01-14T15:59:48","slug":"layout-6","status":"publish","type":"page","link":"https:\/\/gercekler.dijitalhukuk.site\/index.php\/layout-6\/","title":{"rendered":"Layout 6"},"content":{"rendered":"<p>[vc_row css=&#8221;.vc_custom_1453887431618{padding-top: 5px !important;padding-bottom: 30px !important;}&#8221;][vc_column]<div class=\"eltdf-section-title-holder clearfix\">\n            <h6 class=\"eltdf-st-title\">\n        Two Columns        <\/h6>\n    <\/div>[vc_empty_space height=&#8221;8px&#8221;]<div class=\"eltdf-bnl-holder eltdf-pl-six-holder  eltd-post-columns-2\"  data-base=\"eltdf_post_layout_six\"    data-number_of_posts=\"2\" data-column_number=\"2\" data-category_id=\"4\"  data-author_id=\"7\"     data-thumb_image_size=\"full\"            data-display_pagination=\"no\"    data-paged=\"1\" data-max_pages=\"152\"><div class=\"eltdf-bnl-outer\"><div class=\"eltdf-bnl-inner\"><div class=\"eltdf-pt-six-item eltdf-post-item\">\n        <div class=\"eltdf-pt-six-content-holder\">\n        <div class=\"eltdf-pt-six-title-holder\">\n            <h3 class=\"eltdf-pt-six-title\">\n                <a itemprop=\"url\" class=\"eltdf-pt-link\" href=\"https:\/\/gercekler.dijitalhukuk.site\/index.php\/2025\/08\/15\/2025-08-adnan-oktardan-duyurudur-israil\/\" target=\"_self\">Adnan Oktar&#8217;dan Duyurudur; &#8220;\u0130srail-Filistin Sava\u015f\u0131n\u0131 Durdurabilirim&#8221;<\/a>\n            <\/h3>\n        <\/div>\n    <\/div>\n            <div class=\"eltdf-pt-info-section clearfix\">\n            <div class=\"eltdf-pt-info-section-left\">\n                <div itemprop=\"dateCreated\" class=\"eltdf-post-info-date entry-date updated\">\n\t\t\t<a itemprop=\"url\" href=\"https:\/\/gercekler.dijitalhukuk.site\/index.php\/2025\/08\/\">\n\t\t15 A\u011fustos 2025\t\t\t<\/a>\n\t\t<meta itemprop=\"interactionCount\" content=\"UserComments: 0\"\/>\n<\/div>                            <\/div>\n            <div class=\"eltdf-pt-info-section-right\">\n                <div class=\"eltdf-post-info-comments-holder\"><a class=\"eltdf-post-info-comments\" href=\"https:\/\/gercekler.dijitalhukuk.site\/index.php\/2025\/08\/15\/2025-08-adnan-oktardan-duyurudur-israil\/#respond\" target=\"_self\">0 Comments<\/a><\/div>                            <\/div>\n        <\/div>\n    <\/div><div class=\"eltdf-pt-six-item eltdf-post-item\">\n        <div class=\"eltdf-pt-six-content-holder\">\n        <div class=\"eltdf-pt-six-title-holder\">\n            <h3 class=\"eltdf-pt-six-title\">\n                <a itemprop=\"url\" class=\"eltdf-pt-link\" href=\"https:\/\/gercekler.dijitalhukuk.site\/index.php\/2025\/08\/15\/2025-08-adnan-oktardan-duyurudur-kadn\/\" target=\"_self\">Adnan Oktar&#8217;dan Duyurudur; &#8220;Kad\u0131n Cinayetlerini Durdurabilirim&#8221;<\/a>\n            <\/h3>\n        <\/div>\n    <\/div>\n            <div class=\"eltdf-pt-info-section clearfix\">\n            <div class=\"eltdf-pt-info-section-left\">\n                <div itemprop=\"dateCreated\" class=\"eltdf-post-info-date entry-date updated\">\n\t\t\t<a itemprop=\"url\" href=\"https:\/\/gercekler.dijitalhukuk.site\/index.php\/2025\/08\/\">\n\t\t15 A\u011fustos 2025\t\t\t<\/a>\n\t\t<meta itemprop=\"interactionCount\" content=\"UserComments: 0\"\/>\n<\/div>                            <\/div>\n            <div class=\"eltdf-pt-info-section-right\">\n                <div class=\"eltdf-post-info-comments-holder\"><a class=\"eltdf-post-info-comments\" href=\"https:\/\/gercekler.dijitalhukuk.site\/index.php\/2025\/08\/15\/2025-08-adnan-oktardan-duyurudur-kadn\/#respond\" target=\"_self\">0 Comments<\/a><\/div>                            <\/div>\n        <\/div>\n    <\/div><\/div><\/div><\/div>[\/vc_column][\/vc_row][vc_row css=&#8221;.vc_custom_1453887425463{padding-bottom: 30px !important;}&#8221;][vc_column]<div class=\"eltdf-section-title-holder clearfix\">\n            <h6 class=\"eltdf-st-title\">\n        Three Columns        <\/h6>\n    <\/div>[vc_empty_space height=&#8221;8px&#8221;]<div class=\"eltdf-bnl-holder eltdf-pl-six-holder  eltd-post-columns-3\"  data-base=\"eltdf_post_layout_six\"    data-number_of_posts=\"3\" data-column_number=\"3\" data-category_id=\"4\"    data-post_in=\"346, 331, 353\"   data-thumb_image_size=\"full\"            data-display_pagination=\"no\"    data-paged=\"1\" data-max_pages=\"1\"><div class=\"eltdf-bnl-outer\"><div class=\"eltdf-bnl-inner\"><div class=\"eltdf-pt-six-item eltdf-post-item\">\n            <div class=\"eltdf-pt-six-image-holder\">\n            <div class=\"eltdf-post-info-category\"><a href=\"https:\/\/gercekler.dijitalhukuk.site\/index.php\/category\/sport\/\" rel=\"category tag\">Sport<\/a><\/div>            <a itemprop=\"url\" class=\"eltdf-pt-six-slide-link eltdf-image-link\" href=\"https:\/\/gercekler.dijitalhukuk.site\/index.php\/2016\/01\/13\/10-easy-and-fun-exercises-you-can-do-in-your-own-backyard\/\" target=\"_self\">\n                <img loading=\"lazy\" decoding=\"async\" width=\"1366\" height=\"660\" src=\"https:\/\/gercekler.dijitalhukuk.site\/wp-content\/uploads\/2016\/01\/s-10-easy-and-fun-excersizes-you-can-do-in-your-own-backyard.jpeg\" class=\"attachment-full size-full wp-post-image\" alt=\"a\" srcset=\"https:\/\/gercekler.dijitalhukuk.site\/wp-content\/uploads\/2016\/01\/s-10-easy-and-fun-excersizes-you-can-do-in-your-own-backyard.jpeg 1366w, https:\/\/gercekler.dijitalhukuk.site\/wp-content\/uploads\/2016\/01\/s-10-easy-and-fun-excersizes-you-can-do-in-your-own-backyard-300x145.jpeg 300w, https:\/\/gercekler.dijitalhukuk.site\/wp-content\/uploads\/2016\/01\/s-10-easy-and-fun-excersizes-you-can-do-in-your-own-backyard-1024x495.jpeg 1024w, https:\/\/gercekler.dijitalhukuk.site\/wp-content\/uploads\/2016\/01\/s-10-easy-and-fun-excersizes-you-can-do-in-your-own-backyard-768x371.jpeg 768w, https:\/\/gercekler.dijitalhukuk.site\/wp-content\/uploads\/2016\/01\/s-10-easy-and-fun-excersizes-you-can-do-in-your-own-backyard-1200x580.jpeg 1200w\" sizes=\"auto, (max-width: 1366px) 100vw, 1366px\" \/>            <\/a>\n        <\/div>\n        <div class=\"eltdf-pt-six-content-holder\">\n        <div class=\"eltdf-pt-six-title-holder\">\n            <h3 class=\"eltdf-pt-six-title\">\n                <a itemprop=\"url\" class=\"eltdf-pt-link\" href=\"https:\/\/gercekler.dijitalhukuk.site\/index.php\/2016\/01\/13\/10-easy-and-fun-exercises-you-can-do-in-your-own-backyard\/\" target=\"_self\">10 Easy and Fun Exercises You can do in Your Own Backyard<\/a>\n            <\/h3>\n        <\/div>\n    <\/div>\n            <div class=\"eltdf-pt-info-section clearfix\">\n            <div class=\"eltdf-pt-info-section-left\">\n                <div itemprop=\"dateCreated\" class=\"eltdf-post-info-date entry-date updated\">\n\t\t\t<a itemprop=\"url\" href=\"https:\/\/gercekler.dijitalhukuk.site\/index.php\/2016\/01\/\">\n\t\t13 Ocak 2016\t\t\t<\/a>\n\t\t<meta itemprop=\"interactionCount\" content=\"UserComments: 2\"\/>\n<\/div>                            <\/div>\n            <div class=\"eltdf-pt-info-section-right\">\n                <div class=\"eltdf-post-info-comments-holder\"><a class=\"eltdf-post-info-comments\" href=\"https:\/\/gercekler.dijitalhukuk.site\/index.php\/2016\/01\/13\/10-easy-and-fun-exercises-you-can-do-in-your-own-backyard\/#comments\" target=\"_self\">2 Comments<\/a><\/div>                            <\/div>\n        <\/div>\n    <\/div><div class=\"eltdf-pt-six-item eltdf-post-item\">\n            <div class=\"eltdf-pt-six-image-holder\">\n            <div class=\"eltdf-post-info-category\"><a href=\"https:\/\/gercekler.dijitalhukuk.site\/index.php\/category\/sport\/hiking\/\" rel=\"category tag\">Hiking<\/a>, <a href=\"https:\/\/gercekler.dijitalhukuk.site\/index.php\/category\/sport\/swimming\/\" rel=\"category tag\">Swimming<\/a><\/div>            <a itemprop=\"url\" class=\"eltdf-pt-six-slide-link eltdf-image-link\" href=\"https:\/\/gercekler.dijitalhukuk.site\/index.php\/2016\/01\/13\/recommended-european-destinations-for-adrenaline-junkies\/\" target=\"_self\">\n                <img loading=\"lazy\" decoding=\"async\" width=\"1366\" height=\"660\" src=\"https:\/\/gercekler.dijitalhukuk.site\/wp-content\/uploads\/2016\/01\/s-recommended-destinations-for-adrenaline-junkies.jpeg\" class=\"attachment-full size-full wp-post-image\" alt=\"a\" srcset=\"https:\/\/gercekler.dijitalhukuk.site\/wp-content\/uploads\/2016\/01\/s-recommended-destinations-for-adrenaline-junkies.jpeg 1366w, https:\/\/gercekler.dijitalhukuk.site\/wp-content\/uploads\/2016\/01\/s-recommended-destinations-for-adrenaline-junkies-300x145.jpeg 300w, https:\/\/gercekler.dijitalhukuk.site\/wp-content\/uploads\/2016\/01\/s-recommended-destinations-for-adrenaline-junkies-1024x495.jpeg 1024w, https:\/\/gercekler.dijitalhukuk.site\/wp-content\/uploads\/2016\/01\/s-recommended-destinations-for-adrenaline-junkies-768x371.jpeg 768w, https:\/\/gercekler.dijitalhukuk.site\/wp-content\/uploads\/2016\/01\/s-recommended-destinations-for-adrenaline-junkies-1200x580.jpeg 1200w\" sizes=\"auto, (max-width: 1366px) 100vw, 1366px\" \/>            <\/a>\n        <\/div>\n        <div class=\"eltdf-pt-six-content-holder\">\n        <div class=\"eltdf-pt-six-title-holder\">\n            <h3 class=\"eltdf-pt-six-title\">\n                <a itemprop=\"url\" class=\"eltdf-pt-link\" href=\"https:\/\/gercekler.dijitalhukuk.site\/index.php\/2016\/01\/13\/recommended-european-destinations-for-adrenaline-junkies\/\" target=\"_self\">Recommended European Destinations for Adrenaline Junkies<\/a>\n            <\/h3>\n        <\/div>\n    <\/div>\n            <div class=\"eltdf-pt-info-section clearfix\">\n            <div class=\"eltdf-pt-info-section-left\">\n                <div itemprop=\"dateCreated\" class=\"eltdf-post-info-date entry-date updated\">\n\t\t\t<a itemprop=\"url\" href=\"https:\/\/gercekler.dijitalhukuk.site\/index.php\/2016\/01\/\">\n\t\t13 Ocak 2016\t\t\t<\/a>\n\t\t<meta itemprop=\"interactionCount\" content=\"UserComments: 1\"\/>\n<\/div>                            <\/div>\n            <div class=\"eltdf-pt-info-section-right\">\n                <div class=\"eltdf-post-info-comments-holder\"><a class=\"eltdf-post-info-comments\" href=\"https:\/\/gercekler.dijitalhukuk.site\/index.php\/2016\/01\/13\/recommended-european-destinations-for-adrenaline-junkies\/#comments\" target=\"_self\">1 Comment<\/a><\/div>                            <\/div>\n        <\/div>\n    <\/div><div class=\"eltdf-pt-six-item eltdf-post-item\">\n            <div class=\"eltdf-pt-six-image-holder\">\n            <div class=\"eltdf-post-info-category\"><a href=\"https:\/\/gercekler.dijitalhukuk.site\/index.php\/category\/sport\/\" rel=\"category tag\">Sport<\/a><\/div>            <a itemprop=\"url\" class=\"eltdf-pt-six-slide-link eltdf-image-link\" href=\"https:\/\/gercekler.dijitalhukuk.site\/index.php\/2016\/01\/13\/newcomers-to-watch-out-for-on-the-new-york-triathlon\/\" target=\"_self\">\n                <img loading=\"lazy\" decoding=\"async\" width=\"1366\" height=\"660\" src=\"https:\/\/gercekler.dijitalhukuk.site\/wp-content\/uploads\/2016\/01\/s-newcomers-to-watch-out-for-on-the-boston-triathlon.jpeg\" class=\"attachment-full size-full wp-post-image\" alt=\"a\" srcset=\"https:\/\/gercekler.dijitalhukuk.site\/wp-content\/uploads\/2016\/01\/s-newcomers-to-watch-out-for-on-the-boston-triathlon.jpeg 1366w, https:\/\/gercekler.dijitalhukuk.site\/wp-content\/uploads\/2016\/01\/s-newcomers-to-watch-out-for-on-the-boston-triathlon-300x145.jpeg 300w, https:\/\/gercekler.dijitalhukuk.site\/wp-content\/uploads\/2016\/01\/s-newcomers-to-watch-out-for-on-the-boston-triathlon-1024x495.jpeg 1024w, https:\/\/gercekler.dijitalhukuk.site\/wp-content\/uploads\/2016\/01\/s-newcomers-to-watch-out-for-on-the-boston-triathlon-768x371.jpeg 768w, https:\/\/gercekler.dijitalhukuk.site\/wp-content\/uploads\/2016\/01\/s-newcomers-to-watch-out-for-on-the-boston-triathlon-1200x580.jpeg 1200w\" sizes=\"auto, (max-width: 1366px) 100vw, 1366px\" \/>            <\/a>\n        <\/div>\n        <div class=\"eltdf-pt-six-content-holder\">\n        <div class=\"eltdf-pt-six-title-holder\">\n            <h3 class=\"eltdf-pt-six-title\">\n                <a itemprop=\"url\" class=\"eltdf-pt-link\" href=\"https:\/\/gercekler.dijitalhukuk.site\/index.php\/2016\/01\/13\/newcomers-to-watch-out-for-on-the-new-york-triathlon\/\" target=\"_self\">Newcomers to watch out for on The New York Triathlon<\/a>\n            <\/h3>\n        <\/div>\n    <\/div>\n            <div class=\"eltdf-pt-info-section clearfix\">\n            <div class=\"eltdf-pt-info-section-left\">\n                <div itemprop=\"dateCreated\" class=\"eltdf-post-info-date entry-date updated\">\n\t\t\t<a itemprop=\"url\" href=\"https:\/\/gercekler.dijitalhukuk.site\/index.php\/2016\/01\/\">\n\t\t13 Ocak 2016\t\t\t<\/a>\n\t\t<meta itemprop=\"interactionCount\" content=\"UserComments: 1\"\/>\n<\/div>                            <\/div>\n            <div class=\"eltdf-pt-info-section-right\">\n                <div class=\"eltdf-post-info-comments-holder\"><a class=\"eltdf-post-info-comments\" href=\"https:\/\/gercekler.dijitalhukuk.site\/index.php\/2016\/01\/13\/newcomers-to-watch-out-for-on-the-new-york-triathlon\/#comments\" target=\"_self\">1 Comment<\/a><\/div>                            <\/div>\n        <\/div>\n    <\/div><\/div><\/div><\/div>[\/vc_column][\/vc_row][vc_row css=&#8221;.vc_custom_1454667702375{padding-bottom: 87px !important;}&#8221;][vc_column]<div class=\"eltdf-section-title-holder clearfix\">\n            <h6 class=\"eltdf-st-title\">\n        Original Size        <\/h6>\n    <\/div>[vc_empty_space height=&#8221;8px&#8221;]<div class=\"eltdf-bnl-holder eltdf-pl-six-holder  eltd-post-columns-1\"  data-base=\"eltdf_post_layout_six\"    data-number_of_posts=\"1\" data-column_number=\"1\" data-category_id=\"4\"    data-post_in=\"302\"   data-thumb_image_size=\"full\"            data-display_pagination=\"no\"    data-paged=\"1\" data-max_pages=\"1\"><div class=\"eltdf-bnl-outer\"><div class=\"eltdf-bnl-inner\"><div class=\"eltdf-pt-six-item eltdf-post-item\">\n            <div class=\"eltdf-pt-six-image-holder\">\n            <div class=\"eltdf-post-info-category\"><a href=\"https:\/\/gercekler.dijitalhukuk.site\/index.php\/category\/sport\/\" rel=\"category tag\">Sport<\/a>, <a href=\"https:\/\/gercekler.dijitalhukuk.site\/index.php\/category\/sport\/swimming\/\" rel=\"category tag\">Swimming<\/a><\/div>            <a itemprop=\"url\" class=\"eltdf-pt-six-slide-link eltdf-image-link\" href=\"https:\/\/gercekler.dijitalhukuk.site\/index.php\/2016\/01\/13\/swimming-in-cold-water-improves-circulation\/\" target=\"_self\">\n                <img loading=\"lazy\" decoding=\"async\" width=\"1366\" height=\"660\" src=\"https:\/\/gercekler.dijitalhukuk.site\/wp-content\/uploads\/2016\/01\/s-swimming-in-cold-water-improves-circulation.jpeg\" class=\"attachment-full size-full wp-post-image\" alt=\"a\" srcset=\"https:\/\/gercekler.dijitalhukuk.site\/wp-content\/uploads\/2016\/01\/s-swimming-in-cold-water-improves-circulation.jpeg 1366w, https:\/\/gercekler.dijitalhukuk.site\/wp-content\/uploads\/2016\/01\/s-swimming-in-cold-water-improves-circulation-300x145.jpeg 300w, https:\/\/gercekler.dijitalhukuk.site\/wp-content\/uploads\/2016\/01\/s-swimming-in-cold-water-improves-circulation-1024x495.jpeg 1024w, https:\/\/gercekler.dijitalhukuk.site\/wp-content\/uploads\/2016\/01\/s-swimming-in-cold-water-improves-circulation-768x371.jpeg 768w, https:\/\/gercekler.dijitalhukuk.site\/wp-content\/uploads\/2016\/01\/s-swimming-in-cold-water-improves-circulation-1200x580.jpeg 1200w\" sizes=\"auto, (max-width: 1366px) 100vw, 1366px\" \/>            <\/a>\n        <\/div>\n        <div class=\"eltdf-pt-six-content-holder\">\n        <div class=\"eltdf-pt-six-title-holder\">\n            <h3 class=\"eltdf-pt-six-title\">\n                <a itemprop=\"url\" class=\"eltdf-pt-link\" href=\"https:\/\/gercekler.dijitalhukuk.site\/index.php\/2016\/01\/13\/swimming-in-cold-water-improves-circulation\/\" target=\"_self\">Swimming in Cold Water improves Circulation<\/a>\n            <\/h3>\n        <\/div>\n    <\/div>\n            <div class=\"eltdf-pt-info-section clearfix\">\n            <div class=\"eltdf-pt-info-section-left\">\n                <div itemprop=\"dateCreated\" class=\"eltdf-post-info-date entry-date updated\">\n\t\t\t<a itemprop=\"url\" href=\"https:\/\/gercekler.dijitalhukuk.site\/index.php\/2016\/01\/\">\n\t\t13 Ocak 2016\t\t\t<\/a>\n\t\t<meta itemprop=\"interactionCount\" content=\"UserComments: 3\"\/>\n<\/div>                            <\/div>\n            <div class=\"eltdf-pt-info-section-right\">\n                <div class=\"eltdf-post-info-comments-holder\"><a class=\"eltdf-post-info-comments\" href=\"https:\/\/gercekler.dijitalhukuk.site\/index.php\/2016\/01\/13\/swimming-in-cold-water-improves-circulation\/#comments\" target=\"_self\">3 Comments<\/a><\/div>                            <\/div>\n        <\/div>\n    <\/div><\/div><\/div><\/div>[\/vc_column][\/vc_row]<\/p>\n","protected":false},"excerpt":{"rendered":"<p>[vc_row css=&#8221;.vc_custom_1453887431618{padding-top: 5px !important;padding-bottom: 30px !important;}&#8221;][vc_column][vc_empty_space height=&#8221;8px&#8221;][\/vc_column][\/vc_row][vc_row css=&#8221;.vc_custom_1453887425463{padding-bottom: 30px !important;}&#8221;][vc_column][vc_empty_space height=&#8221;8px&#8221;][\/vc_column][\/vc_row][vc_row css=&#8221;.vc_custom_1454667702375{padding-bottom: 87px !important;}&#8221;][vc_column][vc_empty_space height=&#8221;8px&#8221;][\/vc_column][\/vc_row]<\/p>\n","protected":false},"author":1,"featured_media":0,"parent":0,"menu_order":0,"comment_status":"closed","ping_status":"closed","template":"","meta":{"_acf_changed":false,"footnotes":""},"class_list":["post-744","page","type-page","status-publish","hentry"],"acf":[],"_links":{"self":[{"href":"https:\/\/gercekler.dijitalhukuk.site\/index.php\/wp-json\/wp\/v2\/pages\/744","targetHints":{"allow":["GET"]}}],"collection":[{"href":"https:\/\/gercekler.dijitalhukuk.site\/index.php\/wp-json\/wp\/v2\/pages"}],"about":[{"href":"https:\/\/gercekler.dijitalhukuk.site\/index.php\/wp-json\/wp\/v2\/types\/page"}],"author":[{"embeddable":true,"href":"https:\/\/gercekler.dijitalhukuk.site\/index.php\/wp-json\/wp\/v2\/users\/1"}],"replies":[{"embeddable":true,"href":"https:\/\/gercekler.dijitalhukuk.site\/index.php\/wp-json\/wp\/v2\/comments?post=744"}],"version-history":[{"count":0,"href":"https:\/\/gercekler.dijitalhukuk.site\/index.php\/wp-json\/wp\/v2\/pages\/744\/revisions"}],"wp:attachment":[{"href":"https:\/\/gercekler.dijitalhukuk.site\/index.php\/wp-json\/wp\/v2\/media?parent=744"}],"curies":[{"name":"wp","href":"https:\/\/api.w.org\/{rel}","templated":true}]}}