{"id":721,"date":"2016-01-14T15:40:34","date_gmt":"2016-01-14T15:40:34","guid":{"rendered":"http:\/\/readanddigest.elated-themes.com\/?page_id=721"},"modified":"2016-01-14T15:40:34","modified_gmt":"2016-01-14T15:40:34","slug":"layout-5","status":"publish","type":"page","link":"https:\/\/gercekler.dijitalhukuk.site\/index.php\/layout-5\/","title":{"rendered":"Layout 5"},"content":{"rendered":"<p>[vc_row css=&#8221;.vc_custom_1453798435011{padding-top: 5px !important;padding-bottom: 35px !important;}&#8221;][vc_column]<div class=\"eltdf-section-title-holder clearfix\">\n            <h6 class=\"eltdf-st-title\">\n        Two Columns        <\/h6>\n    <\/div>[vc_empty_space height=&#8221;8px&#8221;]<div class=\"eltdf-bnl-holder eltdf-pl-five-holder  eltd-post-columns-2\"  data-base=\"eltdf_post_layout_five\"    data-number_of_posts=\"2\" data-column_number=\"2\" data-category_id=\"7\"       data-thumb_image_size=\"custom_size\" data-thumb_image_width=\"588\" data-thumb_image_height=\"400\"            data-display_pagination=\"no\"    data-paged=\"1\" data-max_pages=\"152\"><div class=\"eltdf-bnl-outer\"><div class=\"eltdf-bnl-inner\"><div class=\"eltdf-pt-five-item eltdf-post-item\">\n\t<div class=\"eltdf-pt-five-item-inner\">\n\t\t<div class=\"eltdf-pt-five-top-content\">\n\t\t\t\t\t\t<div class=\"eltdf-pt-five-content\">\n\t\t\t\t<h2 class=\"eltdf-pt-five-title\">\n\t\t\t\t\t<a itemprop=\"url\" class=\"eltdf-pt-link\" href=\"https:\/\/gercekler.dijitalhukuk.site\/index.php\/2025\/08\/15\/2025-08-adnan-oktardan-duyurudur-israil\/\" target=\"_self\">Adnan Oktar&#8217;dan Duyurudur; &#8220;\u0130srail-Filistin Sava\u015f\u0131n\u0131 Durdurabilirim&#8221;<\/a>\n\t\t\t\t<\/h2>\n\t\t\t\t\t\t\t\t\t<div class=\"eltdf-pt-info-section eltdf-pt-five-info clearfix\">\n\t\t\t\t\t\t<div class=\"eltdf-pt-info-section-left\">\n\t\t\t\t\t\t\t<div itemprop=\"dateCreated\" class=\"eltdf-post-info-date entry-date updated\">\n\t\t\t<a itemprop=\"url\" href=\"https:\/\/gercekler.dijitalhukuk.site\/index.php\/2025\/08\/\">\n\t\t15 A\u011fustos 2025\t\t\t<\/a>\n\t\t<meta itemprop=\"interactionCount\" content=\"UserComments: 0\"\/>\n<\/div>\t\t\t\t\t\t\t\t\t\t\t\t\t\t<div class=\"eltdf-post-info-category\"><a href=\"https:\/\/gercekler.dijitalhukuk.site\/index.php\/category\/genel\/\" rel=\"category tag\">Genel<\/a>, <a href=\"https:\/\/gercekler.dijitalhukuk.site\/index.php\/category\/kamuoyu-duyurusu\/\" rel=\"category tag\">Kamuoyu Duyurusu<\/a><\/div>\t\t\t\t\t\t<\/div>\n\t\t\t\t\t\t<div class=\"eltdf-pt-info-section-right\">\n\t\t\t\t\t\t\t<div class=\"eltdf-post-info-comments-holder\"><a class=\"eltdf-post-info-comments\" href=\"https:\/\/gercekler.dijitalhukuk.site\/index.php\/2025\/08\/15\/2025-08-adnan-oktardan-duyurudur-israil\/#respond\" target=\"_self\">0 Comments<\/a><\/div>\t\t\t\t\t\t\t\t\t\t\t\t\t<\/div>\n\t\t\t\t\t<\/div>\n\t\t\t\t\t\t\t<\/div>\n\t\t<\/div>\n\t\t\t<\/div>\n<\/div><div class=\"eltdf-pt-five-item eltdf-post-item\">\n\t<div class=\"eltdf-pt-five-item-inner\">\n\t\t<div class=\"eltdf-pt-five-top-content\">\n\t\t\t\t\t\t<div class=\"eltdf-pt-five-content\">\n\t\t\t\t<h2 class=\"eltdf-pt-five-title\">\n\t\t\t\t\t<a itemprop=\"url\" class=\"eltdf-pt-link\" href=\"https:\/\/gercekler.dijitalhukuk.site\/index.php\/2025\/08\/15\/2025-08-adnan-oktardan-duyurudur-kadn\/\" target=\"_self\">Adnan Oktar&#8217;dan Duyurudur; &#8220;Kad\u0131n Cinayetlerini Durdurabilirim&#8221;<\/a>\n\t\t\t\t<\/h2>\n\t\t\t\t\t\t\t\t\t<div class=\"eltdf-pt-info-section eltdf-pt-five-info clearfix\">\n\t\t\t\t\t\t<div class=\"eltdf-pt-info-section-left\">\n\t\t\t\t\t\t\t<div itemprop=\"dateCreated\" class=\"eltdf-post-info-date entry-date updated\">\n\t\t\t<a itemprop=\"url\" href=\"https:\/\/gercekler.dijitalhukuk.site\/index.php\/2025\/08\/\">\n\t\t15 A\u011fustos 2025\t\t\t<\/a>\n\t\t<meta itemprop=\"interactionCount\" content=\"UserComments: 0\"\/>\n<\/div>\t\t\t\t\t\t\t\t\t\t\t\t\t\t<div class=\"eltdf-post-info-category\"><a href=\"https:\/\/gercekler.dijitalhukuk.site\/index.php\/category\/kamuoyu-duyurusu\/\" rel=\"category tag\">Kamuoyu Duyurusu<\/a><\/div>\t\t\t\t\t\t<\/div>\n\t\t\t\t\t\t<div class=\"eltdf-pt-info-section-right\">\n\t\t\t\t\t\t\t<div class=\"eltdf-post-info-comments-holder\"><a class=\"eltdf-post-info-comments\" href=\"https:\/\/gercekler.dijitalhukuk.site\/index.php\/2025\/08\/15\/2025-08-adnan-oktardan-duyurudur-kadn\/#respond\" target=\"_self\">0 Comments<\/a><\/div>\t\t\t\t\t\t\t\t\t\t\t\t\t<\/div>\n\t\t\t\t\t<\/div>\n\t\t\t\t\t\t\t<\/div>\n\t\t<\/div>\n\t\t\t<\/div>\n<\/div><\/div><\/div><\/div>[\/vc_column][\/vc_row][vc_row css=&#8221;.vc_custom_1453798441834{padding-bottom: 35px !important;}&#8221;][vc_column]<div class=\"eltdf-section-title-holder clearfix\">\n            <h6 class=\"eltdf-st-title\">\n        Three Columns        <\/h6>\n    <\/div>[vc_empty_space height=&#8221;8px&#8221;]<div class=\"eltdf-bnl-holder eltdf-pl-five-holder  eltd-post-columns-3\"  data-base=\"eltdf_post_layout_five\"    data-number_of_posts=\"3\" data-column_number=\"3\" data-category_id=\"6\"     data-post_not_in=\"480\" data-sort=\"latest\" data-thumb_image_size=\"custom_size\" data-thumb_image_width=\"588\" data-thumb_image_height=\"400\"            data-display_pagination=\"no\"    data-paged=\"1\" data-max_pages=\"101\"><div class=\"eltdf-bnl-outer\"><div class=\"eltdf-bnl-inner\"><div class=\"eltdf-pt-five-item eltdf-post-item\">\n\t<div class=\"eltdf-pt-five-item-inner\">\n\t\t<div class=\"eltdf-pt-five-top-content\">\n\t\t\t\t\t\t<div class=\"eltdf-pt-five-content\">\n\t\t\t\t<h2 class=\"eltdf-pt-five-title\">\n\t\t\t\t\t<a itemprop=\"url\" class=\"eltdf-pt-link\" href=\"https:\/\/gercekler.dijitalhukuk.site\/index.php\/2025\/08\/15\/2025-08-adnan-oktardan-duyurudur-israil\/\" target=\"_self\">Adnan Oktar&#8217;dan Duyurudur; &#8220;\u0130srail-Filistin Sava\u015f\u0131n\u0131 Durdurabilirim&#8221;<\/a>\n\t\t\t\t<\/h2>\n\t\t\t\t\t\t\t\t\t<div class=\"eltdf-pt-info-section eltdf-pt-five-info clearfix\">\n\t\t\t\t\t\t<div class=\"eltdf-pt-info-section-left\">\n\t\t\t\t\t\t\t<div itemprop=\"dateCreated\" class=\"eltdf-post-info-date entry-date updated\">\n\t\t\t<a itemprop=\"url\" href=\"https:\/\/gercekler.dijitalhukuk.site\/index.php\/2025\/08\/\">\n\t\t15 A\u011fustos 2025\t\t\t<\/a>\n\t\t<meta itemprop=\"interactionCount\" content=\"UserComments: 0\"\/>\n<\/div>\t\t\t\t\t\t\t\t\t\t\t\t\t\t<div class=\"eltdf-post-info-category\"><a href=\"https:\/\/gercekler.dijitalhukuk.site\/index.php\/category\/genel\/\" rel=\"category tag\">Genel<\/a>, <a href=\"https:\/\/gercekler.dijitalhukuk.site\/index.php\/category\/kamuoyu-duyurusu\/\" rel=\"category tag\">Kamuoyu Duyurusu<\/a><\/div>\t\t\t\t\t\t<\/div>\n\t\t\t\t\t\t<div class=\"eltdf-pt-info-section-right\">\n\t\t\t\t\t\t\t<div class=\"eltdf-post-info-comments-holder\"><a class=\"eltdf-post-info-comments\" href=\"https:\/\/gercekler.dijitalhukuk.site\/index.php\/2025\/08\/15\/2025-08-adnan-oktardan-duyurudur-israil\/#respond\" target=\"_self\">0 Comments<\/a><\/div>\t\t\t\t\t\t\t\t\t\t\t\t\t<\/div>\n\t\t\t\t\t<\/div>\n\t\t\t\t\t\t\t<\/div>\n\t\t<\/div>\n\t\t\t<\/div>\n<\/div><div class=\"eltdf-pt-five-item eltdf-post-item\">\n\t<div class=\"eltdf-pt-five-item-inner\">\n\t\t<div class=\"eltdf-pt-five-top-content\">\n\t\t\t\t\t\t<div class=\"eltdf-pt-five-content\">\n\t\t\t\t<h2 class=\"eltdf-pt-five-title\">\n\t\t\t\t\t<a itemprop=\"url\" class=\"eltdf-pt-link\" href=\"https:\/\/gercekler.dijitalhukuk.site\/index.php\/2025\/08\/15\/2025-08-adnan-oktardan-duyurudur-kadn\/\" target=\"_self\">Adnan Oktar&#8217;dan Duyurudur; &#8220;Kad\u0131n Cinayetlerini Durdurabilirim&#8221;<\/a>\n\t\t\t\t<\/h2>\n\t\t\t\t\t\t\t\t\t<div class=\"eltdf-pt-info-section eltdf-pt-five-info clearfix\">\n\t\t\t\t\t\t<div class=\"eltdf-pt-info-section-left\">\n\t\t\t\t\t\t\t<div itemprop=\"dateCreated\" class=\"eltdf-post-info-date entry-date updated\">\n\t\t\t<a itemprop=\"url\" href=\"https:\/\/gercekler.dijitalhukuk.site\/index.php\/2025\/08\/\">\n\t\t15 A\u011fustos 2025\t\t\t<\/a>\n\t\t<meta itemprop=\"interactionCount\" content=\"UserComments: 0\"\/>\n<\/div>\t\t\t\t\t\t\t\t\t\t\t\t\t\t<div class=\"eltdf-post-info-category\"><a href=\"https:\/\/gercekler.dijitalhukuk.site\/index.php\/category\/kamuoyu-duyurusu\/\" rel=\"category tag\">Kamuoyu Duyurusu<\/a><\/div>\t\t\t\t\t\t<\/div>\n\t\t\t\t\t\t<div class=\"eltdf-pt-info-section-right\">\n\t\t\t\t\t\t\t<div class=\"eltdf-post-info-comments-holder\"><a class=\"eltdf-post-info-comments\" href=\"https:\/\/gercekler.dijitalhukuk.site\/index.php\/2025\/08\/15\/2025-08-adnan-oktardan-duyurudur-kadn\/#respond\" target=\"_self\">0 Comments<\/a><\/div>\t\t\t\t\t\t\t\t\t\t\t\t\t<\/div>\n\t\t\t\t\t<\/div>\n\t\t\t\t\t\t\t<\/div>\n\t\t<\/div>\n\t\t\t<\/div>\n<\/div><div class=\"eltdf-pt-five-item eltdf-post-item\">\n\t<div class=\"eltdf-pt-five-item-inner\">\n\t\t<div class=\"eltdf-pt-five-top-content\">\n\t\t\t\t\t\t<div class=\"eltdf-pt-five-content\">\n\t\t\t\t<h2 class=\"eltdf-pt-five-title\">\n\t\t\t\t\t<a itemprop=\"url\" class=\"eltdf-pt-link\" href=\"https:\/\/gercekler.dijitalhukuk.site\/index.php\/2025\/08\/14\/2025-08-gazetecinin-gorevi-sevgiyi-yesertmek\/\" target=\"_self\">Gazetecinin G\u00f6revi Sevgiyi Ye\u015fertmek Olmal\u0131<\/a>\n\t\t\t\t<\/h2>\n\t\t\t\t\t\t\t\t\t<div class=\"eltdf-pt-info-section eltdf-pt-five-info clearfix\">\n\t\t\t\t\t\t<div class=\"eltdf-pt-info-section-left\">\n\t\t\t\t\t\t\t<div itemprop=\"dateCreated\" class=\"eltdf-post-info-date entry-date updated\">\n\t\t\t<a itemprop=\"url\" href=\"https:\/\/gercekler.dijitalhukuk.site\/index.php\/2025\/08\/\">\n\t\t14 A\u011fustos 2025\t\t\t<\/a>\n\t\t<meta itemprop=\"interactionCount\" content=\"UserComments: 0\"\/>\n<\/div>\t\t\t\t\t\t\t\t\t\t\t\t\t\t<div class=\"eltdf-post-info-category\"><a href=\"https:\/\/gercekler.dijitalhukuk.site\/index.php\/category\/kamuoyu-duyurusu\/\" rel=\"category tag\">Kamuoyu Duyurusu<\/a><\/div>\t\t\t\t\t\t<\/div>\n\t\t\t\t\t\t<div class=\"eltdf-pt-info-section-right\">\n\t\t\t\t\t\t\t<div class=\"eltdf-post-info-comments-holder\"><a class=\"eltdf-post-info-comments\" href=\"https:\/\/gercekler.dijitalhukuk.site\/index.php\/2025\/08\/14\/2025-08-gazetecinin-gorevi-sevgiyi-yesertmek\/#respond\" target=\"_self\">0 Comments<\/a><\/div>\t\t\t\t\t\t\t\t\t\t\t\t\t<\/div>\n\t\t\t\t\t<\/div>\n\t\t\t\t\t\t\t<\/div>\n\t\t<\/div>\n\t\t\t<\/div>\n<\/div><\/div><\/div><\/div>[\/vc_column][\/vc_row][vc_row css=&#8221;.vc_custom_1454667619143{padding-bottom: 94px !important;}&#8221;][vc_column]<div class=\"eltdf-section-title-holder clearfix\">\n            <h6 class=\"eltdf-st-title\">\n        Original Size        <\/h6>\n    <\/div>[vc_empty_space height=&#8221;8px&#8221;]<div class=\"eltdf-bnl-holder eltdf-pl-five-holder  eltd-post-columns-1\"  data-base=\"eltdf_post_layout_five\"    data-number_of_posts=\"1\" data-column_number=\"1\" data-category_id=\"7\"    data-post_in=\"543\"   data-thumb_image_size=\"full\"              data-display_pagination=\"no\"    data-paged=\"1\" ><div class=\"eltdf-bnl-outer\"><div class=\"eltdf-bnl-inner\"><div class=\"eltdf-pl-five-message\"><p>No posts were found.<\/p><\/div><\/div><\/div><\/div>[\/vc_column][\/vc_row]<\/p>\n","protected":false},"excerpt":{"rendered":"<p>[vc_row css=&#8221;.vc_custom_1453798435011{padding-top: 5px !important;padding-bottom: 35px !important;}&#8221;][vc_column][vc_empty_space height=&#8221;8px&#8221;][\/vc_column][\/vc_row][vc_row css=&#8221;.vc_custom_1453798441834{padding-bottom: 35px !important;}&#8221;][vc_column][vc_empty_space height=&#8221;8px&#8221;][\/vc_column][\/vc_row][vc_row css=&#8221;.vc_custom_1454667619143{padding-bottom: 94px !important;}&#8221;][vc_column][vc_empty_space height=&#8221;8px&#8221;][\/vc_column][\/vc_row]<\/p>\n","protected":false},"author":1,"featured_media":0,"parent":0,"menu_order":0,"comment_status":"closed","ping_status":"closed","template":"","meta":{"_acf_changed":false,"footnotes":""},"class_list":["post-721","page","type-page","status-publish","hentry"],"acf":[],"_links":{"self":[{"href":"https:\/\/gercekler.dijitalhukuk.site\/index.php\/wp-json\/wp\/v2\/pages\/721","targetHints":{"allow":["GET"]}}],"collection":[{"href":"https:\/\/gercekler.dijitalhukuk.site\/index.php\/wp-json\/wp\/v2\/pages"}],"about":[{"href":"https:\/\/gercekler.dijitalhukuk.site\/index.php\/wp-json\/wp\/v2\/types\/page"}],"author":[{"embeddable":true,"href":"https:\/\/gercekler.dijitalhukuk.site\/index.php\/wp-json\/wp\/v2\/users\/1"}],"replies":[{"embeddable":true,"href":"https:\/\/gercekler.dijitalhukuk.site\/index.php\/wp-json\/wp\/v2\/comments?post=721"}],"version-history":[{"count":0,"href":"https:\/\/gercekler.dijitalhukuk.site\/index.php\/wp-json\/wp\/v2\/pages\/721\/revisions"}],"wp:attachment":[{"href":"https:\/\/gercekler.dijitalhukuk.site\/index.php\/wp-json\/wp\/v2\/media?parent=721"}],"curies":[{"name":"wp","href":"https:\/\/api.w.org\/{rel}","templated":true}]}}