{"id":685,"date":"2016-01-14T15:18:09","date_gmt":"2016-01-14T15:18:09","guid":{"rendered":"http:\/\/readanddigest.elated-themes.com\/?page_id=685"},"modified":"2016-01-14T15:18:09","modified_gmt":"2016-01-14T15:18:09","slug":"layout-3","status":"publish","type":"page","link":"https:\/\/gercekler.dijitalhukuk.site\/index.php\/layout-3\/","title":{"rendered":"Layout 3"},"content":{"rendered":"<p>[vc_row css=&#8221;.vc_custom_1453296523402{padding-top: 5px !important;padding-bottom: 50px !important;}&#8221;][vc_column]<div class=\"eltdf-section-title-holder clearfix\">\n            <h6 class=\"eltdf-st-title\">\n        one column        <\/h6>\n    <\/div><div class=\"eltdf-bnl-holder eltdf-pl-three-holder  \"  data-base=\"eltdf_post_layout_three\"    data-number_of_posts=\"1\"  data-category_id=\"2\"    data-post_in=\"109\"   data-thumb_image_size=\"custom_size\" data-thumb_image_width=\"588\" data-thumb_image_height=\"392\" data-title_tag=\"h2\"       data-display_excerpt=\"yes\" data-excerpt_length=\"55\"  data-display_pagination=\"no\"    data-paged=\"1\" data-max_pages=\"1\"><div class=\"eltdf-bnl-outer\"><div class=\"eltdf-bnl-inner\"><div class=\"eltdf-pt-three-item eltdf-post-item\">\n    <div class=\"eltdf-pt-three-item-inner\">\n        <div class=\"eltdf-pt-three-item-inner2\">\n                            <div class=\"eltdf-pt-three-image-holder\">\n                    <a itemprop=\"url\" class=\"eltdf-pt-three-link eltdf-image-link\" href=\"https:\/\/gercekler.dijitalhukuk.site\/index.php\/2016\/01\/11\/a-look-inside-jennifer-love-hewitt-s-family-lifestyle\/\" target=\"_self\">\n                    <img loading=\"lazy\" decoding=\"async\" src=\"https:\/\/gercekler.dijitalhukuk.site\/wp-content\/uploads\/2016\/01\/e-a-look-inside-jennifer-love-hewitts-family-lifestyle-and-home-588x392.jpg\" alt=\"a\" width=\"588\" height=\"392\" \/>                    <\/a>                    \n\t\t\t\t\t                <\/div>\n                        <div class=\"eltdf-pt-three-content-holder\">\n                <h2 class=\"eltdf-pt-three-title\">\n                <a itemprop=\"url\" class=\"eltdf-pt-link\" href=\"https:\/\/gercekler.dijitalhukuk.site\/index.php\/2016\/01\/11\/a-look-inside-jennifer-love-hewitt-s-family-lifestyle\/\" target=\"_self\">A Look Inside Jennifer Love Hewitt&#8217;s Family Lifestyle<\/a>\n                <\/h2>\n\t\t\t\t\t\t\t\t\t<div class=\"eltdf-pt-three-excerpt\">\n\t\t\t\t\t\t<p class=\"eltdf-post-excerpt\">Lorem ipsum dolor sit amet, consectetuer adipiscing elit. Aenean commodo ligula eget dolor. Aenean massa. Cum sociis Theme natoque penatibus et magnis dis parturient montes, nascetur ridiculus mus. Aliquam lorem ante, dapibus in, viverra quis, feugiat a, tellus. Phasellus viverra nulla ut metus varius laoreet. Lorem ipsum dolor sit amet, consectetuer adipiscing elit. Aenean commodo<\/p>\t\t\t\t\t<\/div>\n\t\t\t\t\t\t\t\t\t\t\t\t\t<div class=\"eltdf-pt-info-section clearfix\">\n\t\t\t\t\t\t<div class=\"eltdf-pt-info-section-left\">\n\t\t\t\t\t\t\t<div itemprop=\"dateCreated\" class=\"eltdf-post-info-date entry-date updated\">\n\t\t\t<a itemprop=\"url\" href=\"https:\/\/gercekler.dijitalhukuk.site\/index.php\/2016\/01\/\">\n\t\t11 Ocak 2016\t\t\t<\/a>\n\t\t<meta itemprop=\"interactionCount\" content=\"UserComments: 3\"\/>\n<\/div>\t\t\t\t\t\t\t\t\t\t\t\t\t<\/div>\n\t\t\t\t\t\t<div class=\"eltdf-pt-info-section-right\">\n\t\t\t\t\t\t\t<div class=\"eltdf-post-info-comments-holder\"><a class=\"eltdf-post-info-comments\" href=\"https:\/\/gercekler.dijitalhukuk.site\/index.php\/2016\/01\/11\/a-look-inside-jennifer-love-hewitt-s-family-lifestyle\/#comments\" target=\"_self\">3 Comments<\/a><\/div>\t\t\t\t\t\t<\/div>\n\t\t\t\t\t<\/div>\n\t\t\t\t            <\/div>\n        <\/div>\n    <\/div>\n<\/div><\/div><\/div><\/div>[\/vc_column][\/vc_row][vc_row css=&#8221;.vc_custom_1454667423897{padding-bottom: 108px !important;}&#8221;][vc_column]<div class=\"eltdf-section-title-holder clearfix\">\n            <h6 class=\"eltdf-st-title\">\n        with pagination        <\/h6>\n    <\/div>[vc_empty_space height=&#8221;11px&#8221;]<div class=\"eltdf-bnl-holder eltdf-pl-three-holder  eltd-post-columns-2 eltdf-post-pag-np-horizontal\"  data-base=\"eltdf_post_layout_three\"    data-number_of_posts=\"4\" data-column_number=\"2\" data-category_id=\"2\"     data-post_not_in=\"412, 418\"  data-thumb_image_size=\"custom_size\" data-thumb_image_width=\"400\" data-thumb_image_height=\"268\"           data-display_pagination=\"yes\" data-pagination_type=\"np-horizontal\"   data-paged=\"1\" data-max_pages=\"76\"  data-next_page=\"2\"><div class=\"eltdf-bnl-outer\"><div class=\"eltdf-bnl-inner\"><div class=\"eltdf-pt-three-item eltdf-post-item\">\n    <div class=\"eltdf-pt-three-item-inner\">\n        <div class=\"eltdf-pt-three-item-inner2\">\n                        <div class=\"eltdf-pt-three-content-holder\">\n                <h3 class=\"eltdf-pt-three-title\">\n                <a itemprop=\"url\" class=\"eltdf-pt-link\" href=\"https:\/\/gercekler.dijitalhukuk.site\/index.php\/2025\/08\/15\/2025-08-adnan-oktardan-duyurudur-israil\/\" target=\"_self\">Adnan Oktar&#8217;dan Duyurudur; &#8220;\u0130srail-Filistin Sava\u015f\u0131n\u0131 Durdurabilirim&#8221;<\/a>\n                <\/h3>\n\t\t\t\t\t\t\t\t\t<div class=\"eltdf-pt-three-excerpt\">\n\t\t\t\t\t\t<p class=\"eltdf-post-excerpt\">M\u00fcvekkil Adnan Oktar, \u00e7ok uzun bir s\u00fcredir \u00f6nemli bir konuya<\/p>\t\t\t\t\t<\/div>\n\t\t\t\t\t\t\t\t\t\t\t\t\t<div class=\"eltdf-pt-info-section clearfix\">\n\t\t\t\t\t\t<div class=\"eltdf-pt-info-section-left\">\n\t\t\t\t\t\t\t<div itemprop=\"dateCreated\" class=\"eltdf-post-info-date entry-date updated\">\n\t\t\t<a itemprop=\"url\" href=\"https:\/\/gercekler.dijitalhukuk.site\/index.php\/2025\/08\/\">\n\t\t15 A\u011fustos 2025\t\t\t<\/a>\n\t\t<meta itemprop=\"interactionCount\" content=\"UserComments: 0\"\/>\n<\/div>\t\t\t\t\t\t\t\t\t\t\t\t\t<\/div>\n\t\t\t\t\t\t<div class=\"eltdf-pt-info-section-right\">\n\t\t\t\t\t\t\t<div class=\"eltdf-post-info-comments-holder\"><a class=\"eltdf-post-info-comments\" href=\"https:\/\/gercekler.dijitalhukuk.site\/index.php\/2025\/08\/15\/2025-08-adnan-oktardan-duyurudur-israil\/#respond\" target=\"_self\">0 Comments<\/a><\/div>\t\t\t\t\t\t<\/div>\n\t\t\t\t\t<\/div>\n\t\t\t\t            <\/div>\n        <\/div>\n    <\/div>\n<\/div><div class=\"eltdf-pt-three-item eltdf-post-item\">\n    <div class=\"eltdf-pt-three-item-inner\">\n        <div class=\"eltdf-pt-three-item-inner2\">\n                        <div class=\"eltdf-pt-three-content-holder\">\n                <h3 class=\"eltdf-pt-three-title\">\n                <a itemprop=\"url\" class=\"eltdf-pt-link\" href=\"https:\/\/gercekler.dijitalhukuk.site\/index.php\/2025\/08\/15\/2025-08-adnan-oktardan-duyurudur-kadn\/\" target=\"_self\">Adnan Oktar&#8217;dan Duyurudur; &#8220;Kad\u0131n Cinayetlerini Durdurabilirim&#8221;<\/a>\n                <\/h3>\n\t\t\t\t\t\t\t\t\t<div class=\"eltdf-pt-three-excerpt\">\n\t\t\t\t\t\t<p class=\"eltdf-post-excerpt\">Kad\u0131n Cinayetlerini Durduraca\u011f\u0131z Platformu 2019 y\u0131l\u0131 raporuna g\u00f6re 2019'da i\u015flenen<\/p>\t\t\t\t\t<\/div>\n\t\t\t\t\t\t\t\t\t\t\t\t\t<div class=\"eltdf-pt-info-section clearfix\">\n\t\t\t\t\t\t<div class=\"eltdf-pt-info-section-left\">\n\t\t\t\t\t\t\t<div itemprop=\"dateCreated\" class=\"eltdf-post-info-date entry-date updated\">\n\t\t\t<a itemprop=\"url\" href=\"https:\/\/gercekler.dijitalhukuk.site\/index.php\/2025\/08\/\">\n\t\t15 A\u011fustos 2025\t\t\t<\/a>\n\t\t<meta itemprop=\"interactionCount\" content=\"UserComments: 0\"\/>\n<\/div>\t\t\t\t\t\t\t\t\t\t\t\t\t<\/div>\n\t\t\t\t\t\t<div class=\"eltdf-pt-info-section-right\">\n\t\t\t\t\t\t\t<div class=\"eltdf-post-info-comments-holder\"><a class=\"eltdf-post-info-comments\" href=\"https:\/\/gercekler.dijitalhukuk.site\/index.php\/2025\/08\/15\/2025-08-adnan-oktardan-duyurudur-kadn\/#respond\" target=\"_self\">0 Comments<\/a><\/div>\t\t\t\t\t\t<\/div>\n\t\t\t\t\t<\/div>\n\t\t\t\t            <\/div>\n        <\/div>\n    <\/div>\n<\/div><div class=\"eltdf-pt-three-item eltdf-post-item\">\n    <div class=\"eltdf-pt-three-item-inner\">\n        <div class=\"eltdf-pt-three-item-inner2\">\n                        <div class=\"eltdf-pt-three-content-holder\">\n                <h3 class=\"eltdf-pt-three-title\">\n                <a itemprop=\"url\" class=\"eltdf-pt-link\" href=\"https:\/\/gercekler.dijitalhukuk.site\/index.php\/2025\/08\/14\/2025-08-gazetecinin-gorevi-sevgiyi-yesertmek\/\" target=\"_self\">Gazetecinin G\u00f6revi Sevgiyi Ye\u015fertmek Olmal\u0131<\/a>\n                <\/h3>\n\t\t\t\t\t\t\t\t\t<div class=\"eltdf-pt-three-excerpt\">\n\t\t\t\t\t\t<p class=\"eltdf-post-excerpt\">Adnan Oktar'dan Kamuoyu Duyurusudur\nBir \u00fclkenin televizyonlar\u0131nda veya yaz\u0131l\u0131 bas\u0131n\u0131nda sadece<\/p>\t\t\t\t\t<\/div>\n\t\t\t\t\t\t\t\t\t\t\t\t\t<div class=\"eltdf-pt-info-section clearfix\">\n\t\t\t\t\t\t<div class=\"eltdf-pt-info-section-left\">\n\t\t\t\t\t\t\t<div itemprop=\"dateCreated\" class=\"eltdf-post-info-date entry-date updated\">\n\t\t\t<a itemprop=\"url\" href=\"https:\/\/gercekler.dijitalhukuk.site\/index.php\/2025\/08\/\">\n\t\t14 A\u011fustos 2025\t\t\t<\/a>\n\t\t<meta itemprop=\"interactionCount\" content=\"UserComments: 0\"\/>\n<\/div>\t\t\t\t\t\t\t\t\t\t\t\t\t<\/div>\n\t\t\t\t\t\t<div class=\"eltdf-pt-info-section-right\">\n\t\t\t\t\t\t\t<div class=\"eltdf-post-info-comments-holder\"><a class=\"eltdf-post-info-comments\" href=\"https:\/\/gercekler.dijitalhukuk.site\/index.php\/2025\/08\/14\/2025-08-gazetecinin-gorevi-sevgiyi-yesertmek\/#respond\" target=\"_self\">0 Comments<\/a><\/div>\t\t\t\t\t\t<\/div>\n\t\t\t\t\t<\/div>\n\t\t\t\t            <\/div>\n        <\/div>\n    <\/div>\n<\/div><div class=\"eltdf-pt-three-item eltdf-post-item\">\n    <div class=\"eltdf-pt-three-item-inner\">\n        <div class=\"eltdf-pt-three-item-inner2\">\n                        <div class=\"eltdf-pt-three-content-holder\">\n                <h3 class=\"eltdf-pt-three-title\">\n                <a itemprop=\"url\" class=\"eltdf-pt-link\" href=\"https:\/\/gercekler.dijitalhukuk.site\/index.php\/2025\/08\/09\/2025-08-baz-sol-gazetecilerin-muvekkil-adnan\/\" target=\"_self\">Baz\u0131 Sol Gazetecilerin M\u00fcvekkil Adnan Oktar\u2019a Y\u00f6nelik \u0130deolojik Husumetine Kar\u015f\u0131 Bir Hat\u0131rlatma<\/a>\n                <\/h3>\n\t\t\t\t\t\t\t\t\t<div class=\"eltdf-pt-three-excerpt\">\n\t\t\t\t\t\t<p class=\"eltdf-post-excerpt\">\nV\u0130CDANINI \u0130DEOLOJ\u0130S\u0130NE VE MENFAATLER\u0130NE REH\u0130N VERENLER\u0130 HALKIMIZ KABUL ETMEZ \nBaz\u0131<\/p>\t\t\t\t\t<\/div>\n\t\t\t\t\t\t\t\t\t\t\t\t\t<div class=\"eltdf-pt-info-section clearfix\">\n\t\t\t\t\t\t<div class=\"eltdf-pt-info-section-left\">\n\t\t\t\t\t\t\t<div itemprop=\"dateCreated\" class=\"eltdf-post-info-date entry-date updated\">\n\t\t\t<a itemprop=\"url\" href=\"https:\/\/gercekler.dijitalhukuk.site\/index.php\/2025\/08\/\">\n\t\t09 A\u011fustos 2025\t\t\t<\/a>\n\t\t<meta itemprop=\"interactionCount\" content=\"UserComments: 0\"\/>\n<\/div>\t\t\t\t\t\t\t\t\t\t\t\t\t<\/div>\n\t\t\t\t\t\t<div class=\"eltdf-pt-info-section-right\">\n\t\t\t\t\t\t\t<div class=\"eltdf-post-info-comments-holder\"><a class=\"eltdf-post-info-comments\" href=\"https:\/\/gercekler.dijitalhukuk.site\/index.php\/2025\/08\/09\/2025-08-baz-sol-gazetecilerin-muvekkil-adnan\/#respond\" target=\"_self\">0 Comments<\/a><\/div>\t\t\t\t\t\t<\/div>\n\t\t\t\t\t<\/div>\n\t\t\t\t            <\/div>\n        <\/div>\n    <\/div>\n<\/div><\/div><\/div><div class=\"eltdf-bnl-navigation-holder\">\n    <div class=\"eltdf-bnl-navigation\">\n        <a class=\"eltdf-bnl-nav-icon eltdf-bnl-nav-prev\"><span><\/span><\/a>\n        <div class=\"eltdf-bnl-slider-paging\">\n                            <a class=\"eltdf-paging-button-holder\" href=\"#\"><span class=\"eltdf-paging-button\"><\/span><\/a>\n                            <a class=\"eltdf-paging-button-holder\" href=\"#\"><span class=\"eltdf-paging-button\"><\/span><\/a>\n                            <a class=\"eltdf-paging-button-holder\" href=\"#\"><span class=\"eltdf-paging-button\"><\/span><\/a>\n                            <a class=\"eltdf-paging-button-holder\" href=\"#\"><span class=\"eltdf-paging-button\"><\/span><\/a>\n                            <a class=\"eltdf-paging-button-holder\" href=\"#\"><span class=\"eltdf-paging-button\"><\/span><\/a>\n                            <a class=\"eltdf-paging-button-holder\" href=\"#\"><span class=\"eltdf-paging-button\"><\/span><\/a>\n                            <a class=\"eltdf-paging-button-holder\" href=\"#\"><span class=\"eltdf-paging-button\"><\/span><\/a>\n                            <a class=\"eltdf-paging-button-holder\" href=\"#\"><span class=\"eltdf-paging-button\"><\/span><\/a>\n                            <a class=\"eltdf-paging-button-holder\" href=\"#\"><span class=\"eltdf-paging-button\"><\/span><\/a>\n                            <a class=\"eltdf-paging-button-holder\" href=\"#\"><span class=\"eltdf-paging-button\"><\/span><\/a>\n                            <a class=\"eltdf-paging-button-holder\" href=\"#\"><span class=\"eltdf-paging-button\"><\/span><\/a>\n                            <a class=\"eltdf-paging-button-holder\" href=\"#\"><span class=\"eltdf-paging-button\"><\/span><\/a>\n                            <a class=\"eltdf-paging-button-holder\" href=\"#\"><span class=\"eltdf-paging-button\"><\/span><\/a>\n                            <a class=\"eltdf-paging-button-holder\" href=\"#\"><span class=\"eltdf-paging-button\"><\/span><\/a>\n                            <a class=\"eltdf-paging-button-holder\" href=\"#\"><span class=\"eltdf-paging-button\"><\/span><\/a>\n                            <a class=\"eltdf-paging-button-holder\" href=\"#\"><span class=\"eltdf-paging-button\"><\/span><\/a>\n                            <a class=\"eltdf-paging-button-holder\" href=\"#\"><span class=\"eltdf-paging-button\"><\/span><\/a>\n                            <a class=\"eltdf-paging-button-holder\" href=\"#\"><span class=\"eltdf-paging-button\"><\/span><\/a>\n                            <a class=\"eltdf-paging-button-holder\" href=\"#\"><span class=\"eltdf-paging-button\"><\/span><\/a>\n                            <a class=\"eltdf-paging-button-holder\" href=\"#\"><span class=\"eltdf-paging-button\"><\/span><\/a>\n                            <a class=\"eltdf-paging-button-holder\" href=\"#\"><span class=\"eltdf-paging-button\"><\/span><\/a>\n                            <a class=\"eltdf-paging-button-holder\" href=\"#\"><span class=\"eltdf-paging-button\"><\/span><\/a>\n                            <a class=\"eltdf-paging-button-holder\" href=\"#\"><span class=\"eltdf-paging-button\"><\/span><\/a>\n                            <a class=\"eltdf-paging-button-holder\" href=\"#\"><span class=\"eltdf-paging-button\"><\/span><\/a>\n                            <a class=\"eltdf-paging-button-holder\" href=\"#\"><span class=\"eltdf-paging-button\"><\/span><\/a>\n                            <a class=\"eltdf-paging-button-holder\" href=\"#\"><span class=\"eltdf-paging-button\"><\/span><\/a>\n                            <a class=\"eltdf-paging-button-holder\" href=\"#\"><span class=\"eltdf-paging-button\"><\/span><\/a>\n                            <a class=\"eltdf-paging-button-holder\" href=\"#\"><span class=\"eltdf-paging-button\"><\/span><\/a>\n                            <a class=\"eltdf-paging-button-holder\" href=\"#\"><span class=\"eltdf-paging-button\"><\/span><\/a>\n                            <a class=\"eltdf-paging-button-holder\" href=\"#\"><span class=\"eltdf-paging-button\"><\/span><\/a>\n                            <a class=\"eltdf-paging-button-holder\" href=\"#\"><span class=\"eltdf-paging-button\"><\/span><\/a>\n                            <a class=\"eltdf-paging-button-holder\" href=\"#\"><span class=\"eltdf-paging-button\"><\/span><\/a>\n                            <a class=\"eltdf-paging-button-holder\" href=\"#\"><span class=\"eltdf-paging-button\"><\/span><\/a>\n                            <a class=\"eltdf-paging-button-holder\" href=\"#\"><span class=\"eltdf-paging-button\"><\/span><\/a>\n                            <a class=\"eltdf-paging-button-holder\" href=\"#\"><span class=\"eltdf-paging-button\"><\/span><\/a>\n                            <a class=\"eltdf-paging-button-holder\" href=\"#\"><span class=\"eltdf-paging-button\"><\/span><\/a>\n                            <a class=\"eltdf-paging-button-holder\" href=\"#\"><span class=\"eltdf-paging-button\"><\/span><\/a>\n                            <a class=\"eltdf-paging-button-holder\" href=\"#\"><span class=\"eltdf-paging-button\"><\/span><\/a>\n                            <a class=\"eltdf-paging-button-holder\" href=\"#\"><span class=\"eltdf-paging-button\"><\/span><\/a>\n                            <a class=\"eltdf-paging-button-holder\" href=\"#\"><span class=\"eltdf-paging-button\"><\/span><\/a>\n                            <a class=\"eltdf-paging-button-holder\" href=\"#\"><span class=\"eltdf-paging-button\"><\/span><\/a>\n                            <a class=\"eltdf-paging-button-holder\" href=\"#\"><span class=\"eltdf-paging-button\"><\/span><\/a>\n                            <a class=\"eltdf-paging-button-holder\" href=\"#\"><span class=\"eltdf-paging-button\"><\/span><\/a>\n                            <a class=\"eltdf-paging-button-holder\" href=\"#\"><span class=\"eltdf-paging-button\"><\/span><\/a>\n                            <a class=\"eltdf-paging-button-holder\" href=\"#\"><span class=\"eltdf-paging-button\"><\/span><\/a>\n                            <a class=\"eltdf-paging-button-holder\" href=\"#\"><span class=\"eltdf-paging-button\"><\/span><\/a>\n                            <a class=\"eltdf-paging-button-holder\" href=\"#\"><span class=\"eltdf-paging-button\"><\/span><\/a>\n                            <a class=\"eltdf-paging-button-holder\" href=\"#\"><span class=\"eltdf-paging-button\"><\/span><\/a>\n                            <a class=\"eltdf-paging-button-holder\" href=\"#\"><span class=\"eltdf-paging-button\"><\/span><\/a>\n                            <a class=\"eltdf-paging-button-holder\" href=\"#\"><span class=\"eltdf-paging-button\"><\/span><\/a>\n                            <a class=\"eltdf-paging-button-holder\" href=\"#\"><span class=\"eltdf-paging-button\"><\/span><\/a>\n                            <a class=\"eltdf-paging-button-holder\" href=\"#\"><span class=\"eltdf-paging-button\"><\/span><\/a>\n                            <a class=\"eltdf-paging-button-holder\" href=\"#\"><span class=\"eltdf-paging-button\"><\/span><\/a>\n                            <a class=\"eltdf-paging-button-holder\" href=\"#\"><span class=\"eltdf-paging-button\"><\/span><\/a>\n                            <a class=\"eltdf-paging-button-holder\" href=\"#\"><span class=\"eltdf-paging-button\"><\/span><\/a>\n                            <a class=\"eltdf-paging-button-holder\" href=\"#\"><span class=\"eltdf-paging-button\"><\/span><\/a>\n                            <a class=\"eltdf-paging-button-holder\" href=\"#\"><span class=\"eltdf-paging-button\"><\/span><\/a>\n                            <a class=\"eltdf-paging-button-holder\" href=\"#\"><span class=\"eltdf-paging-button\"><\/span><\/a>\n                            <a class=\"eltdf-paging-button-holder\" href=\"#\"><span class=\"eltdf-paging-button\"><\/span><\/a>\n                            <a class=\"eltdf-paging-button-holder\" href=\"#\"><span class=\"eltdf-paging-button\"><\/span><\/a>\n                            <a class=\"eltdf-paging-button-holder\" href=\"#\"><span class=\"eltdf-paging-button\"><\/span><\/a>\n                            <a class=\"eltdf-paging-button-holder\" href=\"#\"><span class=\"eltdf-paging-button\"><\/span><\/a>\n                            <a class=\"eltdf-paging-button-holder\" href=\"#\"><span class=\"eltdf-paging-button\"><\/span><\/a>\n                            <a class=\"eltdf-paging-button-holder\" href=\"#\"><span class=\"eltdf-paging-button\"><\/span><\/a>\n                            <a class=\"eltdf-paging-button-holder\" href=\"#\"><span class=\"eltdf-paging-button\"><\/span><\/a>\n                            <a class=\"eltdf-paging-button-holder\" href=\"#\"><span class=\"eltdf-paging-button\"><\/span><\/a>\n                            <a class=\"eltdf-paging-button-holder\" href=\"#\"><span class=\"eltdf-paging-button\"><\/span><\/a>\n                            <a class=\"eltdf-paging-button-holder\" href=\"#\"><span class=\"eltdf-paging-button\"><\/span><\/a>\n                            <a class=\"eltdf-paging-button-holder\" href=\"#\"><span class=\"eltdf-paging-button\"><\/span><\/a>\n                            <a class=\"eltdf-paging-button-holder\" href=\"#\"><span class=\"eltdf-paging-button\"><\/span><\/a>\n                            <a class=\"eltdf-paging-button-holder\" href=\"#\"><span class=\"eltdf-paging-button\"><\/span><\/a>\n                            <a class=\"eltdf-paging-button-holder\" href=\"#\"><span class=\"eltdf-paging-button\"><\/span><\/a>\n                            <a class=\"eltdf-paging-button-holder\" href=\"#\"><span class=\"eltdf-paging-button\"><\/span><\/a>\n                            <a class=\"eltdf-paging-button-holder\" href=\"#\"><span class=\"eltdf-paging-button\"><\/span><\/a>\n                            <a class=\"eltdf-paging-button-holder\" href=\"#\"><span class=\"eltdf-paging-button\"><\/span><\/a>\n                            <a class=\"eltdf-paging-button-holder\" href=\"#\"><span class=\"eltdf-paging-button\"><\/span><\/a>\n                    <\/div>\n        <a class=\"eltdf-bnl-nav-icon eltdf-bnl-nav-next\"><span><\/span><\/a>\n    <\/div>\n<\/div><div class=\"eltdf-post-ajax-preloader\" style=\"display: none;\">\n    <div class=\"eltdf-pulse\"><\/div>\n    <div class=\"eltdf-pulse\"><\/div>\n    <div class=\"eltdf-pulse\"><\/div>\n<\/div><\/div>[\/vc_column][\/vc_row]<\/p>\n","protected":false},"excerpt":{"rendered":"<p>[vc_row css=&#8221;.vc_custom_1453296523402{padding-top: 5px !important;padding-bottom: 50px !important;}&#8221;][vc_column][\/vc_column][\/vc_row][vc_row css=&#8221;.vc_custom_1454667423897{padding-bottom: 108px !important;}&#8221;][vc_column][vc_empty_space height=&#8221;11px&#8221;][\/vc_column][\/vc_row]<\/p>\n","protected":false},"author":1,"featured_media":0,"parent":0,"menu_order":0,"comment_status":"closed","ping_status":"closed","template":"","meta":{"_acf_changed":false,"footnotes":""},"class_list":["post-685","page","type-page","status-publish","hentry"],"acf":[],"_links":{"self":[{"href":"https:\/\/gercekler.dijitalhukuk.site\/index.php\/wp-json\/wp\/v2\/pages\/685","targetHints":{"allow":["GET"]}}],"collection":[{"href":"https:\/\/gercekler.dijitalhukuk.site\/index.php\/wp-json\/wp\/v2\/pages"}],"about":[{"href":"https:\/\/gercekler.dijitalhukuk.site\/index.php\/wp-json\/wp\/v2\/types\/page"}],"author":[{"embeddable":true,"href":"https:\/\/gercekler.dijitalhukuk.site\/index.php\/wp-json\/wp\/v2\/users\/1"}],"replies":[{"embeddable":true,"href":"https:\/\/gercekler.dijitalhukuk.site\/index.php\/wp-json\/wp\/v2\/comments?post=685"}],"version-history":[{"count":0,"href":"https:\/\/gercekler.dijitalhukuk.site\/index.php\/wp-json\/wp\/v2\/pages\/685\/revisions"}],"wp:attachment":[{"href":"https:\/\/gercekler.dijitalhukuk.site\/index.php\/wp-json\/wp\/v2\/media?parent=685"}],"curies":[{"name":"wp","href":"https:\/\/api.w.org\/{rel}","templated":true}]}}