{"id":668,"date":"2016-01-14T15:11:18","date_gmt":"2016-01-14T15:11:18","guid":{"rendered":"http:\/\/readanddigest.elated-themes.com\/?page_id=668"},"modified":"2016-01-14T15:11:18","modified_gmt":"2016-01-14T15:11:18","slug":"layout-2","status":"publish","type":"page","link":"https:\/\/gercekler.dijitalhukuk.site\/index.php\/layout-2\/","title":{"rendered":"Layout 2"},"content":{"rendered":"<p>[vc_row css=&#8221;.vc_custom_1453213440334{padding-top: 5px !important;}&#8221;][vc_column]<div class=\"eltdf-section-title-holder clearfix\">\n            <h6 class=\"eltdf-st-title\">\n        No Pagination        <\/h6>\n    <\/div><div class=\"eltdf-bnl-holder eltdf-pl-two-holder  eltd-post-columns-2\"  data-base=\"eltdf_post_layout_two\"    data-number_of_posts=\"6\" data-column_number=\"2\" data-category_id=\"2\"                  data-display_pagination=\"no\"     data-paged=\"1\" data-max_pages=\"51\"><div class=\"eltdf-bnl-outer\"><div class=\"eltdf-bnl-inner\"><div class=\"eltdf-pt-two-item eltdf-post-item\">\n\t<div class=\"eltdf-pt-two-item-inner\">\n\t\t\t\t<div class=\"eltdf-pt-two-content-holder\">\n\t\t\t<div class=\"eltdf-pt-two-content-holder-inner\">\n\t\t\t\t<div class=\"eltdf-pt-two-content-top-holder\">\n\t\t\t\t\t<h3 class=\"eltdf-pt-two-title\">\n\t\t\t\t\t<a itemprop=\"url\" class=\"eltdf-pt-link\" href=\"https:\/\/gercekler.dijitalhukuk.site\/index.php\/2025\/08\/15\/2025-08-adnan-oktardan-duyurudur-israil\/\" target=\"_self\">\n\t\t\t\t\t\tAdnan Oktar&#8217;dan Duyurudur; &#8220;\u0130srail-Filistin Sava\u015f\u0131n\u0131 Durdurabilirim&#8221;\t\t\t\t\t<\/a>\n\t\t\t\t\t<\/h3>\n\t\t\t\t\t\t\t\t\t<\/div>\n\t\t\t\t\t\t\t\t<div class=\"eltdf-pt-two-content-bottom-holder\">\n\t\t\t\t\t<div class=\"eltdf-pt-info-section clearfix\">\n\t\t\t\t\t\t<div class=\"eltdf-pt-info-section-left\">\n\t\t\t\t\t\t\t<div itemprop=\"dateCreated\" class=\"eltdf-post-info-date entry-date updated\">\n\t\t\t<a itemprop=\"url\" href=\"https:\/\/gercekler.dijitalhukuk.site\/index.php\/2025\/08\/\">\n\t\t15 A\u011fustos 2025\t\t\t<\/a>\n\t\t<meta itemprop=\"interactionCount\" content=\"UserComments: 0\"\/>\n<\/div>\t\t\t\t\t\t<\/div>\n\t\t\t\t\t\t<div class=\"eltdf-pt-info-section-right\">\n\t\t\t\t\t\t\t<div class=\"eltdf-post-info-comments-holder\"><a class=\"eltdf-post-info-comments\" href=\"https:\/\/gercekler.dijitalhukuk.site\/index.php\/2025\/08\/15\/2025-08-adnan-oktardan-duyurudur-israil\/#respond\" target=\"_self\">0 Comments<\/a><\/div>\t\t\t\t\t\t<\/div>\n\t\t\t\t\t<\/div>\n\t\t\t\t<\/div>\n\t\t\t\t\t\t\t<\/div>\n\t\t<\/div>\n\t<\/div>\n<\/div><div class=\"eltdf-pt-two-item eltdf-post-item\">\n\t<div class=\"eltdf-pt-two-item-inner\">\n\t\t\t\t<div class=\"eltdf-pt-two-content-holder\">\n\t\t\t<div class=\"eltdf-pt-two-content-holder-inner\">\n\t\t\t\t<div class=\"eltdf-pt-two-content-top-holder\">\n\t\t\t\t\t<h3 class=\"eltdf-pt-two-title\">\n\t\t\t\t\t<a itemprop=\"url\" class=\"eltdf-pt-link\" href=\"https:\/\/gercekler.dijitalhukuk.site\/index.php\/2025\/08\/15\/2025-08-adnan-oktardan-duyurudur-kadn\/\" target=\"_self\">\n\t\t\t\t\t\tAdnan Oktar&#8217;dan Duyurudur; &#8220;Kad\u0131n Cinayetlerini Durdurabilirim&#8221;\t\t\t\t\t<\/a>\n\t\t\t\t\t<\/h3>\n\t\t\t\t\t\t\t\t\t<\/div>\n\t\t\t\t\t\t\t\t<div class=\"eltdf-pt-two-content-bottom-holder\">\n\t\t\t\t\t<div class=\"eltdf-pt-info-section clearfix\">\n\t\t\t\t\t\t<div class=\"eltdf-pt-info-section-left\">\n\t\t\t\t\t\t\t<div itemprop=\"dateCreated\" class=\"eltdf-post-info-date entry-date updated\">\n\t\t\t<a itemprop=\"url\" href=\"https:\/\/gercekler.dijitalhukuk.site\/index.php\/2025\/08\/\">\n\t\t15 A\u011fustos 2025\t\t\t<\/a>\n\t\t<meta itemprop=\"interactionCount\" content=\"UserComments: 0\"\/>\n<\/div>\t\t\t\t\t\t<\/div>\n\t\t\t\t\t\t<div class=\"eltdf-pt-info-section-right\">\n\t\t\t\t\t\t\t<div class=\"eltdf-post-info-comments-holder\"><a class=\"eltdf-post-info-comments\" href=\"https:\/\/gercekler.dijitalhukuk.site\/index.php\/2025\/08\/15\/2025-08-adnan-oktardan-duyurudur-kadn\/#respond\" target=\"_self\">0 Comments<\/a><\/div>\t\t\t\t\t\t<\/div>\n\t\t\t\t\t<\/div>\n\t\t\t\t<\/div>\n\t\t\t\t\t\t\t<\/div>\n\t\t<\/div>\n\t<\/div>\n<\/div><div class=\"eltdf-pt-two-item eltdf-post-item\">\n\t<div class=\"eltdf-pt-two-item-inner\">\n\t\t\t\t<div class=\"eltdf-pt-two-content-holder\">\n\t\t\t<div class=\"eltdf-pt-two-content-holder-inner\">\n\t\t\t\t<div class=\"eltdf-pt-two-content-top-holder\">\n\t\t\t\t\t<h3 class=\"eltdf-pt-two-title\">\n\t\t\t\t\t<a itemprop=\"url\" class=\"eltdf-pt-link\" href=\"https:\/\/gercekler.dijitalhukuk.site\/index.php\/2025\/08\/14\/2025-08-gazetecinin-gorevi-sevgiyi-yesertmek\/\" target=\"_self\">\n\t\t\t\t\t\tGazetecinin G\u00f6revi Sevgiyi Ye\u015fertmek Olmal\u0131\t\t\t\t\t<\/a>\n\t\t\t\t\t<\/h3>\n\t\t\t\t\t\t\t\t\t<\/div>\n\t\t\t\t\t\t\t\t<div class=\"eltdf-pt-two-content-bottom-holder\">\n\t\t\t\t\t<div class=\"eltdf-pt-info-section clearfix\">\n\t\t\t\t\t\t<div class=\"eltdf-pt-info-section-left\">\n\t\t\t\t\t\t\t<div itemprop=\"dateCreated\" class=\"eltdf-post-info-date entry-date updated\">\n\t\t\t<a itemprop=\"url\" href=\"https:\/\/gercekler.dijitalhukuk.site\/index.php\/2025\/08\/\">\n\t\t14 A\u011fustos 2025\t\t\t<\/a>\n\t\t<meta itemprop=\"interactionCount\" content=\"UserComments: 0\"\/>\n<\/div>\t\t\t\t\t\t<\/div>\n\t\t\t\t\t\t<div class=\"eltdf-pt-info-section-right\">\n\t\t\t\t\t\t\t<div class=\"eltdf-post-info-comments-holder\"><a class=\"eltdf-post-info-comments\" href=\"https:\/\/gercekler.dijitalhukuk.site\/index.php\/2025\/08\/14\/2025-08-gazetecinin-gorevi-sevgiyi-yesertmek\/#respond\" target=\"_self\">0 Comments<\/a><\/div>\t\t\t\t\t\t<\/div>\n\t\t\t\t\t<\/div>\n\t\t\t\t<\/div>\n\t\t\t\t\t\t\t<\/div>\n\t\t<\/div>\n\t<\/div>\n<\/div><div class=\"eltdf-pt-two-item eltdf-post-item\">\n\t<div class=\"eltdf-pt-two-item-inner\">\n\t\t\t\t<div class=\"eltdf-pt-two-content-holder\">\n\t\t\t<div class=\"eltdf-pt-two-content-holder-inner\">\n\t\t\t\t<div class=\"eltdf-pt-two-content-top-holder\">\n\t\t\t\t\t<h3 class=\"eltdf-pt-two-title\">\n\t\t\t\t\t<a itemprop=\"url\" class=\"eltdf-pt-link\" href=\"https:\/\/gercekler.dijitalhukuk.site\/index.php\/2025\/08\/09\/2025-08-baz-sol-gazetecilerin-muvekkil-adnan\/\" target=\"_self\">\n\t\t\t\t\t\tBaz\u0131 Sol Gazetecilerin M\u00fcvekkil Adnan Oktar\u2019a Y\u00f6nelik \u0130deolojik Husumetine Kar\u015f\u0131 Bir Hat\u0131rlatma\t\t\t\t\t<\/a>\n\t\t\t\t\t<\/h3>\n\t\t\t\t\t\t\t\t\t<\/div>\n\t\t\t\t\t\t\t\t<div class=\"eltdf-pt-two-content-bottom-holder\">\n\t\t\t\t\t<div class=\"eltdf-pt-info-section clearfix\">\n\t\t\t\t\t\t<div class=\"eltdf-pt-info-section-left\">\n\t\t\t\t\t\t\t<div itemprop=\"dateCreated\" class=\"eltdf-post-info-date entry-date updated\">\n\t\t\t<a itemprop=\"url\" href=\"https:\/\/gercekler.dijitalhukuk.site\/index.php\/2025\/08\/\">\n\t\t09 A\u011fustos 2025\t\t\t<\/a>\n\t\t<meta itemprop=\"interactionCount\" content=\"UserComments: 0\"\/>\n<\/div>\t\t\t\t\t\t<\/div>\n\t\t\t\t\t\t<div class=\"eltdf-pt-info-section-right\">\n\t\t\t\t\t\t\t<div class=\"eltdf-post-info-comments-holder\"><a class=\"eltdf-post-info-comments\" href=\"https:\/\/gercekler.dijitalhukuk.site\/index.php\/2025\/08\/09\/2025-08-baz-sol-gazetecilerin-muvekkil-adnan\/#respond\" target=\"_self\">0 Comments<\/a><\/div>\t\t\t\t\t\t<\/div>\n\t\t\t\t\t<\/div>\n\t\t\t\t<\/div>\n\t\t\t\t\t\t\t<\/div>\n\t\t<\/div>\n\t<\/div>\n<\/div><div class=\"eltdf-pt-two-item eltdf-post-item\">\n\t<div class=\"eltdf-pt-two-item-inner\">\n\t\t\t\t<div class=\"eltdf-pt-two-content-holder\">\n\t\t\t<div class=\"eltdf-pt-two-content-holder-inner\">\n\t\t\t\t<div class=\"eltdf-pt-two-content-top-holder\">\n\t\t\t\t\t<h3 class=\"eltdf-pt-two-title\">\n\t\t\t\t\t<a itemprop=\"url\" class=\"eltdf-pt-link\" href=\"https:\/\/gercekler.dijitalhukuk.site\/index.php\/2025\/08\/05\/2025-08-genc-guzel-hayat-dolu-kadnlara-ofke\/\" target=\"_self\">\n\t\t\t\t\t\tGen\u00e7, G\u00fczel, Hayat Dolu Kad\u0131nlara \u00d6fke, Muhafazakar-Ba\u011fnaz \u0130slam Anlay\u0131\u015f\u0131n\u0131n Getirdi\u011fi Vahim Sonu\u00e7tur\t\t\t\t\t<\/a>\n\t\t\t\t\t<\/h3>\n\t\t\t\t\t\t\t\t\t<\/div>\n\t\t\t\t\t\t\t\t<div class=\"eltdf-pt-two-content-bottom-holder\">\n\t\t\t\t\t<div class=\"eltdf-pt-info-section clearfix\">\n\t\t\t\t\t\t<div class=\"eltdf-pt-info-section-left\">\n\t\t\t\t\t\t\t<div itemprop=\"dateCreated\" class=\"eltdf-post-info-date entry-date updated\">\n\t\t\t<a itemprop=\"url\" href=\"https:\/\/gercekler.dijitalhukuk.site\/index.php\/2025\/08\/\">\n\t\t05 A\u011fustos 2025\t\t\t<\/a>\n\t\t<meta itemprop=\"interactionCount\" content=\"UserComments: 0\"\/>\n<\/div>\t\t\t\t\t\t<\/div>\n\t\t\t\t\t\t<div class=\"eltdf-pt-info-section-right\">\n\t\t\t\t\t\t\t<div class=\"eltdf-post-info-comments-holder\"><a class=\"eltdf-post-info-comments\" href=\"https:\/\/gercekler.dijitalhukuk.site\/index.php\/2025\/08\/05\/2025-08-genc-guzel-hayat-dolu-kadnlara-ofke\/#respond\" target=\"_self\">0 Comments<\/a><\/div>\t\t\t\t\t\t<\/div>\n\t\t\t\t\t<\/div>\n\t\t\t\t<\/div>\n\t\t\t\t\t\t\t<\/div>\n\t\t<\/div>\n\t<\/div>\n<\/div><div class=\"eltdf-pt-two-item eltdf-post-item\">\n\t<div class=\"eltdf-pt-two-item-inner\">\n\t\t\t\t<div class=\"eltdf-pt-two-content-holder\">\n\t\t\t<div class=\"eltdf-pt-two-content-holder-inner\">\n\t\t\t\t<div class=\"eltdf-pt-two-content-top-holder\">\n\t\t\t\t\t<h3 class=\"eltdf-pt-two-title\">\n\t\t\t\t\t<a itemprop=\"url\" class=\"eltdf-pt-link\" href=\"https:\/\/gercekler.dijitalhukuk.site\/index.php\/2025\/08\/05\/2025-08-muvekkil-adnan-oktardan-ipek-ozbeyin\/\" target=\"_self\">\n\t\t\t\t\t\tM\u00fcvekkil Adnan Oktar\u2019dan \u0130pek \u00d6zbey\u2019in A\u00e7\u0131klamalar\u0131na Tekziptir\t\t\t\t\t<\/a>\n\t\t\t\t\t<\/h3>\n\t\t\t\t\t\t\t\t\t<\/div>\n\t\t\t\t\t\t\t\t<div class=\"eltdf-pt-two-content-bottom-holder\">\n\t\t\t\t\t<div class=\"eltdf-pt-info-section clearfix\">\n\t\t\t\t\t\t<div class=\"eltdf-pt-info-section-left\">\n\t\t\t\t\t\t\t<div itemprop=\"dateCreated\" class=\"eltdf-post-info-date entry-date updated\">\n\t\t\t<a itemprop=\"url\" href=\"https:\/\/gercekler.dijitalhukuk.site\/index.php\/2025\/08\/\">\n\t\t05 A\u011fustos 2025\t\t\t<\/a>\n\t\t<meta itemprop=\"interactionCount\" content=\"UserComments: 0\"\/>\n<\/div>\t\t\t\t\t\t<\/div>\n\t\t\t\t\t\t<div class=\"eltdf-pt-info-section-right\">\n\t\t\t\t\t\t\t<div class=\"eltdf-post-info-comments-holder\"><a class=\"eltdf-post-info-comments\" href=\"https:\/\/gercekler.dijitalhukuk.site\/index.php\/2025\/08\/05\/2025-08-muvekkil-adnan-oktardan-ipek-ozbeyin\/#respond\" target=\"_self\">0 Comments<\/a><\/div>\t\t\t\t\t\t<\/div>\n\t\t\t\t\t<\/div>\n\t\t\t\t<\/div>\n\t\t\t\t\t\t\t<\/div>\n\t\t<\/div>\n\t<\/div>\n<\/div><\/div><\/div><\/div>[\/vc_column][\/vc_row][vc_row css=&#8221;.vc_custom_1454667372344{padding-top: 50px !important;padding-bottom: 109px !important;}&#8221;][vc_column]<div class=\"eltdf-section-title-holder clearfix\">\n            <h6 class=\"eltdf-st-title\">\n        With Pagination        <\/h6>\n    <\/div><div class=\"eltdf-bnl-holder eltdf-pl-two-holder  eltd-post-columns-2 eltdf-post-pag-np-horizontal\"  data-base=\"eltdf_post_layout_two\"    data-number_of_posts=\"6\" data-column_number=\"2\"  data-category_slug=\"entertainment, lifestyle\"     data-sort=\"random\"            data-display_pagination=\"yes\" data-pagination_type=\"np-horizontal\"    data-paged=\"1\" data-max_pages=\"6\"  data-next_page=\"2\"><div class=\"eltdf-bnl-outer\"><div class=\"eltdf-bnl-inner\"><div class=\"eltdf-pt-two-item eltdf-post-item\">\n\t<div class=\"eltdf-pt-two-item-inner\">\n\t\t\t\t\t<div class=\"eltdf-pt-two-image-holder\">\n\t\t\t\t<a itemprop=\"url\" class=\"eltdf-pt-two-link eltdf-image-link\" href=\"https:\/\/gercekler.dijitalhukuk.site\/index.php\/2016\/01\/13\/cafes-and-restaurants-your-favorite-celebs-like-visiting\/\" target=\"_self\" style=\"width: 180px\">\n\t\t\t\t\t<img loading=\"lazy\" decoding=\"async\" src=\"https:\/\/gercekler.dijitalhukuk.site\/wp-content\/uploads\/2016\/01\/e-cafes-and-restaurants-your-favorite-celebs-like-visiting-the-most-180x120.jpg\" alt=\"a\" width=\"180\" height=\"120\" \/>\t\t\t\t\t\t\t\t<\/a>\n\t\t\t<\/div>\n\t\t\t\t<div class=\"eltdf-pt-two-content-holder\">\n\t\t\t<div class=\"eltdf-pt-two-content-holder-inner\">\n\t\t\t\t<div class=\"eltdf-pt-two-content-top-holder\">\n\t\t\t\t\t<h3 class=\"eltdf-pt-two-title\">\n\t\t\t\t\t<a itemprop=\"url\" class=\"eltdf-pt-link\" href=\"https:\/\/gercekler.dijitalhukuk.site\/index.php\/2016\/01\/13\/cafes-and-restaurants-your-favorite-celebs-like-visiting\/\" target=\"_self\">\n\t\t\t\t\t\tCafes and Restaurants Your favorite Celebs like visiting\t\t\t\t\t<\/a>\n\t\t\t\t\t<\/h3>\n\t\t\t\t\t\t\t\t\t<\/div>\n\t\t\t\t\t\t\t\t<div class=\"eltdf-pt-two-content-bottom-holder\">\n\t\t\t\t\t<div class=\"eltdf-pt-info-section clearfix\">\n\t\t\t\t\t\t<div class=\"eltdf-pt-info-section-left\">\n\t\t\t\t\t\t\t<div itemprop=\"dateCreated\" class=\"eltdf-post-info-date entry-date updated\">\n\t\t\t<a itemprop=\"url\" href=\"https:\/\/gercekler.dijitalhukuk.site\/index.php\/2016\/01\/\">\n\t\t13 Ocak 2016\t\t\t<\/a>\n\t\t<meta itemprop=\"interactionCount\" content=\"UserComments: 3\"\/>\n<\/div>\t\t\t\t\t\t<\/div>\n\t\t\t\t\t\t<div class=\"eltdf-pt-info-section-right\">\n\t\t\t\t\t\t\t<div class=\"eltdf-post-info-comments-holder\"><a class=\"eltdf-post-info-comments\" href=\"https:\/\/gercekler.dijitalhukuk.site\/index.php\/2016\/01\/13\/cafes-and-restaurants-your-favorite-celebs-like-visiting\/#comments\" target=\"_self\">3 Comments<\/a><\/div>\t\t\t\t\t\t<\/div>\n\t\t\t\t\t<\/div>\n\t\t\t\t<\/div>\n\t\t\t\t\t\t\t<\/div>\n\t\t<\/div>\n\t<\/div>\n<\/div><div class=\"eltdf-pt-two-item eltdf-post-item\">\n\t<div class=\"eltdf-pt-two-item-inner\">\n\t\t\t\t\t<div class=\"eltdf-pt-two-image-holder\">\n\t\t\t\t<a itemprop=\"url\" class=\"eltdf-pt-two-link eltdf-image-link\" href=\"https:\/\/gercekler.dijitalhukuk.site\/index.php\/2016\/01\/13\/top-places-where-celebrities-hide-from-the-public\/\" target=\"_self\" style=\"width: 180px\">\n\t\t\t\t\t<img loading=\"lazy\" decoding=\"async\" src=\"https:\/\/gercekler.dijitalhukuk.site\/wp-content\/themes\/readanddigest\/assets\/img\/default-no-image.jpg\" alt=\"\" width=\"180\" height=\"120\" \/>\t\t\t\t\t\t\t\t<\/a>\n\t\t\t<\/div>\n\t\t\t\t<div class=\"eltdf-pt-two-content-holder\">\n\t\t\t<div class=\"eltdf-pt-two-content-holder-inner\">\n\t\t\t\t<div class=\"eltdf-pt-two-content-top-holder\">\n\t\t\t\t\t<h3 class=\"eltdf-pt-two-title\">\n\t\t\t\t\t<a itemprop=\"url\" class=\"eltdf-pt-link\" href=\"https:\/\/gercekler.dijitalhukuk.site\/index.php\/2016\/01\/13\/top-places-where-celebrities-hide-from-the-public\/\" target=\"_self\">\n\t\t\t\t\t\tTop Places where Celebrities hide from The Public\t\t\t\t\t<\/a>\n\t\t\t\t\t<\/h3>\n\t\t\t\t\t\t\t\t\t<\/div>\n\t\t\t\t\t\t\t\t<div class=\"eltdf-pt-two-content-bottom-holder\">\n\t\t\t\t\t<div class=\"eltdf-pt-info-section clearfix\">\n\t\t\t\t\t\t<div class=\"eltdf-pt-info-section-left\">\n\t\t\t\t\t\t\t<div itemprop=\"dateCreated\" class=\"eltdf-post-info-date entry-date updated\">\n\t\t\t<a itemprop=\"url\" href=\"https:\/\/gercekler.dijitalhukuk.site\/index.php\/2016\/01\/\">\n\t\t13 Ocak 2016\t\t\t<\/a>\n\t\t<meta itemprop=\"interactionCount\" content=\"UserComments: 2\"\/>\n<\/div>\t\t\t\t\t\t<\/div>\n\t\t\t\t\t\t<div class=\"eltdf-pt-info-section-right\">\n\t\t\t\t\t\t\t<div class=\"eltdf-post-info-comments-holder\"><a class=\"eltdf-post-info-comments\" href=\"https:\/\/gercekler.dijitalhukuk.site\/index.php\/2016\/01\/13\/top-places-where-celebrities-hide-from-the-public\/#comments\" target=\"_self\">2 Comments<\/a><\/div>\t\t\t\t\t\t<\/div>\n\t\t\t\t\t<\/div>\n\t\t\t\t<\/div>\n\t\t\t\t\t\t\t<\/div>\n\t\t<\/div>\n\t<\/div>\n<\/div><div class=\"eltdf-pt-two-item eltdf-post-item\">\n\t<div class=\"eltdf-pt-two-item-inner\">\n\t\t\t\t\t<div class=\"eltdf-pt-two-image-holder\">\n\t\t\t\t<a itemprop=\"url\" class=\"eltdf-pt-two-link eltdf-image-link\" href=\"https:\/\/gercekler.dijitalhukuk.site\/index.php\/2016\/01\/13\/summer-comedy-movies-we-cant-wait-to-watch-next-month\/\" target=\"_self\" style=\"width: 180px\">\n\t\t\t\t\t<img loading=\"lazy\" decoding=\"async\" src=\"https:\/\/gercekler.dijitalhukuk.site\/wp-content\/uploads\/2016\/01\/e-summer-movies-we-cant-wait-to-watch-180x120.jpg\" alt=\"a\" width=\"180\" height=\"120\" \/>\t\t\t\t\t\t\t\t<\/a>\n\t\t\t<\/div>\n\t\t\t\t<div class=\"eltdf-pt-two-content-holder\">\n\t\t\t<div class=\"eltdf-pt-two-content-holder-inner\">\n\t\t\t\t<div class=\"eltdf-pt-two-content-top-holder\">\n\t\t\t\t\t<h3 class=\"eltdf-pt-two-title\">\n\t\t\t\t\t<a itemprop=\"url\" class=\"eltdf-pt-link\" href=\"https:\/\/gercekler.dijitalhukuk.site\/index.php\/2016\/01\/13\/summer-comedy-movies-we-cant-wait-to-watch-next-month\/\" target=\"_self\">\n\t\t\t\t\t\tSummer Comedy Movies We can\u2019t wait to watch Next Month\t\t\t\t\t<\/a>\n\t\t\t\t\t<\/h3>\n\t\t\t\t\t\t\t\t\t<\/div>\n\t\t\t\t\t\t\t\t<div class=\"eltdf-pt-two-content-bottom-holder\">\n\t\t\t\t\t<div class=\"eltdf-pt-info-section clearfix\">\n\t\t\t\t\t\t<div class=\"eltdf-pt-info-section-left\">\n\t\t\t\t\t\t\t<div itemprop=\"dateCreated\" class=\"eltdf-post-info-date entry-date updated\">\n\t\t\t<a itemprop=\"url\" href=\"https:\/\/gercekler.dijitalhukuk.site\/index.php\/2016\/01\/\">\n\t\t13 Ocak 2016\t\t\t<\/a>\n\t\t<meta itemprop=\"interactionCount\" content=\"UserComments: 2\"\/>\n<\/div>\t\t\t\t\t\t<\/div>\n\t\t\t\t\t\t<div class=\"eltdf-pt-info-section-right\">\n\t\t\t\t\t\t\t<div class=\"eltdf-post-info-comments-holder\"><a class=\"eltdf-post-info-comments\" href=\"https:\/\/gercekler.dijitalhukuk.site\/index.php\/2016\/01\/13\/summer-comedy-movies-we-cant-wait-to-watch-next-month\/#comments\" target=\"_self\">2 Comments<\/a><\/div>\t\t\t\t\t\t<\/div>\n\t\t\t\t\t<\/div>\n\t\t\t\t<\/div>\n\t\t\t\t\t\t\t<\/div>\n\t\t<\/div>\n\t<\/div>\n<\/div><div class=\"eltdf-pt-two-item eltdf-post-item\">\n\t<div class=\"eltdf-pt-two-item-inner\">\n\t\t\t\t\t<div class=\"eltdf-pt-two-image-holder\">\n\t\t\t\t<a itemprop=\"url\" class=\"eltdf-pt-two-link eltdf-image-link\" href=\"https:\/\/gercekler.dijitalhukuk.site\/index.php\/2016\/01\/13\/what-your-working-desk-shows-about-your-personality\/\" target=\"_self\" style=\"width: 180px\">\n\t\t\t\t\t<img loading=\"lazy\" decoding=\"async\" src=\"https:\/\/gercekler.dijitalhukuk.site\/wp-content\/themes\/readanddigest\/assets\/img\/default-no-image.jpg\" alt=\"\" width=\"180\" height=\"120\" \/>\t\t\t\t\t\t\t\t<\/a>\n\t\t\t<\/div>\n\t\t\t\t<div class=\"eltdf-pt-two-content-holder\">\n\t\t\t<div class=\"eltdf-pt-two-content-holder-inner\">\n\t\t\t\t<div class=\"eltdf-pt-two-content-top-holder\">\n\t\t\t\t\t<h3 class=\"eltdf-pt-two-title\">\n\t\t\t\t\t<a itemprop=\"url\" class=\"eltdf-pt-link\" href=\"https:\/\/gercekler.dijitalhukuk.site\/index.php\/2016\/01\/13\/what-your-working-desk-shows-about-your-personality\/\" target=\"_self\">\n\t\t\t\t\t\tWhat Your Working Desk shows about Your Personality\t\t\t\t\t<\/a>\n\t\t\t\t\t<\/h3>\n\t\t\t\t\t\t\t\t\t<\/div>\n\t\t\t\t\t\t\t\t<div class=\"eltdf-pt-two-content-bottom-holder\">\n\t\t\t\t\t<div class=\"eltdf-pt-info-section clearfix\">\n\t\t\t\t\t\t<div class=\"eltdf-pt-info-section-left\">\n\t\t\t\t\t\t\t<div itemprop=\"dateCreated\" class=\"eltdf-post-info-date entry-date updated\">\n\t\t\t<a itemprop=\"url\" href=\"https:\/\/gercekler.dijitalhukuk.site\/index.php\/2016\/01\/\">\n\t\t13 Ocak 2016\t\t\t<\/a>\n\t\t<meta itemprop=\"interactionCount\" content=\"UserComments: 1\"\/>\n<\/div>\t\t\t\t\t\t<\/div>\n\t\t\t\t\t\t<div class=\"eltdf-pt-info-section-right\">\n\t\t\t\t\t\t\t<div class=\"eltdf-post-info-comments-holder\"><a class=\"eltdf-post-info-comments\" href=\"https:\/\/gercekler.dijitalhukuk.site\/index.php\/2016\/01\/13\/what-your-working-desk-shows-about-your-personality\/#comments\" target=\"_self\">1 Comment<\/a><\/div>\t\t\t\t\t\t<\/div>\n\t\t\t\t\t<\/div>\n\t\t\t\t<\/div>\n\t\t\t\t\t\t\t<\/div>\n\t\t<\/div>\n\t<\/div>\n<\/div><div class=\"eltdf-pt-two-item eltdf-post-item\">\n\t<div class=\"eltdf-pt-two-item-inner\">\n\t\t\t\t\t<div class=\"eltdf-pt-two-image-holder\">\n\t\t\t\t<a itemprop=\"url\" class=\"eltdf-pt-two-link eltdf-image-link\" href=\"https:\/\/gercekler.dijitalhukuk.site\/index.php\/2016\/01\/11\/a-look-inside-jennifer-love-hewitt-s-family-lifestyle\/\" target=\"_self\" style=\"width: 180px\">\n\t\t\t\t\t<img loading=\"lazy\" decoding=\"async\" src=\"https:\/\/gercekler.dijitalhukuk.site\/wp-content\/uploads\/2016\/01\/e-a-look-inside-jennifer-love-hewitts-family-lifestyle-and-home-180x120.jpg\" alt=\"a\" width=\"180\" height=\"120\" \/>\t\t\t\t\t\t\t\t<\/a>\n\t\t\t<\/div>\n\t\t\t\t<div class=\"eltdf-pt-two-content-holder\">\n\t\t\t<div class=\"eltdf-pt-two-content-holder-inner\">\n\t\t\t\t<div class=\"eltdf-pt-two-content-top-holder\">\n\t\t\t\t\t<h3 class=\"eltdf-pt-two-title\">\n\t\t\t\t\t<a itemprop=\"url\" class=\"eltdf-pt-link\" href=\"https:\/\/gercekler.dijitalhukuk.site\/index.php\/2016\/01\/11\/a-look-inside-jennifer-love-hewitt-s-family-lifestyle\/\" target=\"_self\">\n\t\t\t\t\t\tA Look Inside Jennifer Love Hewitt&#8217;s Family Lifestyle\t\t\t\t\t<\/a>\n\t\t\t\t\t<\/h3>\n\t\t\t\t\t\t\t\t\t<\/div>\n\t\t\t\t\t\t\t\t<div class=\"eltdf-pt-two-content-bottom-holder\">\n\t\t\t\t\t<div class=\"eltdf-pt-info-section clearfix\">\n\t\t\t\t\t\t<div class=\"eltdf-pt-info-section-left\">\n\t\t\t\t\t\t\t<div itemprop=\"dateCreated\" class=\"eltdf-post-info-date entry-date updated\">\n\t\t\t<a itemprop=\"url\" href=\"https:\/\/gercekler.dijitalhukuk.site\/index.php\/2016\/01\/\">\n\t\t11 Ocak 2016\t\t\t<\/a>\n\t\t<meta itemprop=\"interactionCount\" content=\"UserComments: 3\"\/>\n<\/div>\t\t\t\t\t\t<\/div>\n\t\t\t\t\t\t<div class=\"eltdf-pt-info-section-right\">\n\t\t\t\t\t\t\t<div class=\"eltdf-post-info-comments-holder\"><a class=\"eltdf-post-info-comments\" href=\"https:\/\/gercekler.dijitalhukuk.site\/index.php\/2016\/01\/11\/a-look-inside-jennifer-love-hewitt-s-family-lifestyle\/#comments\" target=\"_self\">3 Comments<\/a><\/div>\t\t\t\t\t\t<\/div>\n\t\t\t\t\t<\/div>\n\t\t\t\t<\/div>\n\t\t\t\t\t\t\t<\/div>\n\t\t<\/div>\n\t<\/div>\n<\/div><div class=\"eltdf-pt-two-item eltdf-post-item\">\n\t<div class=\"eltdf-pt-two-item-inner\">\n\t\t\t\t\t<div class=\"eltdf-pt-two-image-holder\">\n\t\t\t\t<a itemprop=\"url\" class=\"eltdf-pt-two-link eltdf-image-link\" href=\"https:\/\/gercekler.dijitalhukuk.site\/index.php\/2016\/01\/13\/keeping-a-diary-proved-to-help-in-coping-with-everyday-stress\/\" target=\"_self\" style=\"width: 180px\">\n\t\t\t\t\t<img loading=\"lazy\" decoding=\"async\" src=\"https:\/\/gercekler.dijitalhukuk.site\/wp-content\/uploads\/2016\/01\/l-keeping-a-diary-proved-to-help-in-coping-with-everyday-stress-180x120.jpg\" alt=\"a\" width=\"180\" height=\"120\" \/>\t\t\t\t\t\t\t\t<\/a>\n\t\t\t<\/div>\n\t\t\t\t<div class=\"eltdf-pt-two-content-holder\">\n\t\t\t<div class=\"eltdf-pt-two-content-holder-inner\">\n\t\t\t\t<div class=\"eltdf-pt-two-content-top-holder\">\n\t\t\t\t\t<h3 class=\"eltdf-pt-two-title\">\n\t\t\t\t\t<a itemprop=\"url\" class=\"eltdf-pt-link\" href=\"https:\/\/gercekler.dijitalhukuk.site\/index.php\/2016\/01\/13\/keeping-a-diary-proved-to-help-in-coping-with-everyday-stress\/\" target=\"_self\">\n\t\t\t\t\t\tKeeping a Diary proved to help in coping with Everyday Stress\t\t\t\t\t<\/a>\n\t\t\t\t\t<\/h3>\n\t\t\t\t\t\t\t\t\t<\/div>\n\t\t\t\t\t\t\t\t<div class=\"eltdf-pt-two-content-bottom-holder\">\n\t\t\t\t\t<div class=\"eltdf-pt-info-section clearfix\">\n\t\t\t\t\t\t<div class=\"eltdf-pt-info-section-left\">\n\t\t\t\t\t\t\t<div itemprop=\"dateCreated\" class=\"eltdf-post-info-date entry-date updated\">\n\t\t\t<a itemprop=\"url\" href=\"https:\/\/gercekler.dijitalhukuk.site\/index.php\/2016\/01\/\">\n\t\t13 Ocak 2016\t\t\t<\/a>\n\t\t<meta itemprop=\"interactionCount\" content=\"UserComments: 4\"\/>\n<\/div>\t\t\t\t\t\t<\/div>\n\t\t\t\t\t\t<div class=\"eltdf-pt-info-section-right\">\n\t\t\t\t\t\t\t<div class=\"eltdf-post-info-comments-holder\"><a class=\"eltdf-post-info-comments\" href=\"https:\/\/gercekler.dijitalhukuk.site\/index.php\/2016\/01\/13\/keeping-a-diary-proved-to-help-in-coping-with-everyday-stress\/#comments\" target=\"_self\">4 Comments<\/a><\/div>\t\t\t\t\t\t<\/div>\n\t\t\t\t\t<\/div>\n\t\t\t\t<\/div>\n\t\t\t\t\t\t\t<\/div>\n\t\t<\/div>\n\t<\/div>\n<\/div><\/div><\/div><div class=\"eltdf-bnl-navigation-holder\">\n    <div class=\"eltdf-bnl-navigation\">\n        <a class=\"eltdf-bnl-nav-icon eltdf-bnl-nav-prev\"><span><\/span><\/a>\n        <div class=\"eltdf-bnl-slider-paging\">\n                            <a class=\"eltdf-paging-button-holder\" href=\"#\"><span class=\"eltdf-paging-button\"><\/span><\/a>\n                            <a class=\"eltdf-paging-button-holder\" href=\"#\"><span class=\"eltdf-paging-button\"><\/span><\/a>\n                            <a class=\"eltdf-paging-button-holder\" href=\"#\"><span class=\"eltdf-paging-button\"><\/span><\/a>\n                            <a class=\"eltdf-paging-button-holder\" href=\"#\"><span class=\"eltdf-paging-button\"><\/span><\/a>\n                            <a class=\"eltdf-paging-button-holder\" href=\"#\"><span class=\"eltdf-paging-button\"><\/span><\/a>\n                            <a class=\"eltdf-paging-button-holder\" href=\"#\"><span class=\"eltdf-paging-button\"><\/span><\/a>\n                    <\/div>\n        <a class=\"eltdf-bnl-nav-icon eltdf-bnl-nav-next\"><span><\/span><\/a>\n    <\/div>\n<\/div><div class=\"eltdf-post-ajax-preloader\" style=\"display: none;\">\n    <div class=\"eltdf-pulse\"><\/div>\n    <div class=\"eltdf-pulse\"><\/div>\n    <div class=\"eltdf-pulse\"><\/div>\n<\/div><\/div>[\/vc_column][\/vc_row]<\/p>\n","protected":false},"excerpt":{"rendered":"<p>[vc_row css=&#8221;.vc_custom_1453213440334{padding-top: 5px !important;}&#8221;][vc_column][\/vc_column][\/vc_row][vc_row css=&#8221;.vc_custom_1454667372344{padding-top: 50px !important;padding-bottom: 109px !important;}&#8221;][vc_column][\/vc_column][\/vc_row]<\/p>\n","protected":false},"author":1,"featured_media":0,"parent":0,"menu_order":0,"comment_status":"closed","ping_status":"closed","template":"","meta":{"_acf_changed":false,"footnotes":""},"class_list":["post-668","page","type-page","status-publish","hentry"],"acf":[],"_links":{"self":[{"href":"https:\/\/gercekler.dijitalhukuk.site\/index.php\/wp-json\/wp\/v2\/pages\/668","targetHints":{"allow":["GET"]}}],"collection":[{"href":"https:\/\/gercekler.dijitalhukuk.site\/index.php\/wp-json\/wp\/v2\/pages"}],"about":[{"href":"https:\/\/gercekler.dijitalhukuk.site\/index.php\/wp-json\/wp\/v2\/types\/page"}],"author":[{"embeddable":true,"href":"https:\/\/gercekler.dijitalhukuk.site\/index.php\/wp-json\/wp\/v2\/users\/1"}],"replies":[{"embeddable":true,"href":"https:\/\/gercekler.dijitalhukuk.site\/index.php\/wp-json\/wp\/v2\/comments?post=668"}],"version-history":[{"count":0,"href":"https:\/\/gercekler.dijitalhukuk.site\/index.php\/wp-json\/wp\/v2\/pages\/668\/revisions"}],"wp:attachment":[{"href":"https:\/\/gercekler.dijitalhukuk.site\/index.php\/wp-json\/wp\/v2\/media?parent=668"}],"curies":[{"name":"wp","href":"https:\/\/api.w.org\/{rel}","templated":true}]}}