{"id":2021,"date":"2016-01-25T13:26:58","date_gmt":"2016-01-25T13:26:58","guid":{"rendered":"http:\/\/readanddigest.elated-themes.com\/?page_id=2021"},"modified":"2016-01-25T13:26:58","modified_gmt":"2016-01-25T13:26:58","slug":"pagination-examples","status":"publish","type":"page","link":"https:\/\/gercekler.dijitalhukuk.site\/index.php\/pagination-examples\/","title":{"rendered":"Pagination Examples"},"content":{"rendered":"<p>[vc_row css=&#8221;.vc_custom_1453729423514{padding-bottom: 60px !important;}&#8221;][vc_column]<div class=\"eltdf-section-title-holder clearfix\">\n            <h6 class=\"eltdf-st-title\">\n        Load More         <\/h6>\n    <\/div>[vc_empty_space height=&#8221;13px&#8221;]<div class=\"eltdf-bnl-holder eltdf-pl-one-holder  eltd-post-columns-3 eltdf-post-pag-load-more\"  data-base=\"eltdf_post_layout_one\"    data-number_of_posts=\"3\" data-column_number=\"3\" data-category_id=\"3\"    data-post_in=\"245, 275, 272, 232, 255, 188\"   data-thumb_image_size=\"custom_size\" data-thumb_image_width=\"384\" data-thumb_image_height=\"261\"     data-display_category=\"no\"    data-display_excerpt=\"no\"    data-display_pagination=\"yes\" data-pagination_type=\"load-more\"   data-paged=\"1\" data-max_pages=\"2\"  data-next_page=\"2\"><div class=\"eltdf-bnl-outer\"><div class=\"eltdf-bnl-inner\"><div class=\"eltdf-pt-one-item eltdf-post-item\">\n            <div class=\"eltdf-pt-one-image-holder\">\n                        <div class=\"eltdf-pt-one-image-inner-holder\">\n                <a itemprop=\"url\" class=\"eltdf-pt-one-slide-link eltdf-image-link\" href=\"https:\/\/gercekler.dijitalhukuk.site\/index.php\/2016\/01\/13\/what-your-working-desk-shows-about-your-personality\/\" target=\"_self\">\n                <img loading=\"lazy\" decoding=\"async\" src=\"https:\/\/gercekler.dijitalhukuk.site\/wp-content\/themes\/readanddigest\/assets\/img\/default-no-image.jpg\" alt=\"\" width=\"384\" height=\"261\" \/>                <\/a>\n            <\/div>\n        <\/div>\n        <div class=\"eltdf-pt-one-content-holder\">\n        <div class=\"eltdf-pt-one-title-holder\">\n            <h3 class=\"eltdf-pt-one-title\">\n            <a itemprop=\"url\" class=\"eltdf-pt-link\" href=\"https:\/\/gercekler.dijitalhukuk.site\/index.php\/2016\/01\/13\/what-your-working-desk-shows-about-your-personality\/\" target=\"_self\">What Your Working Desk shows about Your Personality<\/a>\n        <\/h3>\n        <\/div>\n            <\/div>\n        <div class=\"eltdf-pt-info-section clearfix\">\n        <div class=\"eltdf-pt-info-section-left\">\n            <div itemprop=\"dateCreated\" class=\"eltdf-post-info-date entry-date updated\">\n\t\t\t<a itemprop=\"url\" href=\"https:\/\/gercekler.dijitalhukuk.site\/index.php\/2016\/01\/\">\n\t\t13 Ocak 2016\t\t\t<\/a>\n\t\t<meta itemprop=\"interactionCount\" content=\"UserComments: 1\"\/>\n<\/div>                    <\/div>\n        <div class=\"eltdf-pt-info-section-right\">\n            <div class=\"eltdf-post-info-comments-holder\"><a class=\"eltdf-post-info-comments\" href=\"https:\/\/gercekler.dijitalhukuk.site\/index.php\/2016\/01\/13\/what-your-working-desk-shows-about-your-personality\/#comments\" target=\"_self\">1 Comment<\/a><\/div>                    <\/div>\n    <\/div>\n    \n<\/div><div class=\"eltdf-pt-one-item eltdf-post-item\">\n            <div class=\"eltdf-pt-one-image-holder\">\n                        <div class=\"eltdf-pt-one-image-inner-holder\">\n                <a itemprop=\"url\" class=\"eltdf-pt-one-slide-link eltdf-image-link\" href=\"https:\/\/gercekler.dijitalhukuk.site\/index.php\/2016\/01\/13\/simple-exercises-to-get-your-day-started-the-right-way\/\" target=\"_self\">\n                <img loading=\"lazy\" decoding=\"async\" src=\"https:\/\/gercekler.dijitalhukuk.site\/wp-content\/themes\/readanddigest\/assets\/img\/default-no-image.jpg\" alt=\"\" width=\"384\" height=\"261\" \/>                <\/a>\n            <\/div>\n        <\/div>\n        <div class=\"eltdf-pt-one-content-holder\">\n        <div class=\"eltdf-pt-one-title-holder\">\n            <h3 class=\"eltdf-pt-one-title\">\n            <a itemprop=\"url\" class=\"eltdf-pt-link\" href=\"https:\/\/gercekler.dijitalhukuk.site\/index.php\/2016\/01\/13\/simple-exercises-to-get-your-day-started-the-right-way\/\" target=\"_self\">Simple Exercises to get Your Day started The Right Way<\/a>\n        <\/h3>\n        <\/div>\n            <\/div>\n        <div class=\"eltdf-pt-info-section clearfix\">\n        <div class=\"eltdf-pt-info-section-left\">\n            <div itemprop=\"dateCreated\" class=\"eltdf-post-info-date entry-date updated\">\n\t\t\t<a itemprop=\"url\" href=\"https:\/\/gercekler.dijitalhukuk.site\/index.php\/2016\/01\/\">\n\t\t13 Ocak 2016\t\t\t<\/a>\n\t\t<meta itemprop=\"interactionCount\" content=\"UserComments: 4\"\/>\n<\/div>                    <\/div>\n        <div class=\"eltdf-pt-info-section-right\">\n            <div class=\"eltdf-post-info-comments-holder\"><a class=\"eltdf-post-info-comments\" href=\"https:\/\/gercekler.dijitalhukuk.site\/index.php\/2016\/01\/13\/simple-exercises-to-get-your-day-started-the-right-way\/#comments\" target=\"_self\">4 Comments<\/a><\/div>                    <\/div>\n    <\/div>\n    \n<\/div><div class=\"eltdf-pt-one-item eltdf-post-item\">\n            <div class=\"eltdf-pt-one-image-holder\">\n                        <div class=\"eltdf-pt-one-image-inner-holder\">\n                <a itemprop=\"url\" class=\"eltdf-pt-one-slide-link eltdf-image-link\" href=\"https:\/\/gercekler.dijitalhukuk.site\/index.php\/2016\/01\/13\/plan-the-perfect-weekend-for-you-and-your-friends\/\" target=\"_self\">\n                <img loading=\"lazy\" decoding=\"async\" src=\"https:\/\/gercekler.dijitalhukuk.site\/wp-content\/uploads\/2016\/01\/l-plan-the-perfect-weekend-384x261.jpg\" alt=\"a\" width=\"384\" height=\"261\" \/>                <\/a>\n            <\/div>\n        <\/div>\n        <div class=\"eltdf-pt-one-content-holder\">\n        <div class=\"eltdf-pt-one-title-holder\">\n            <h3 class=\"eltdf-pt-one-title\">\n            <a itemprop=\"url\" class=\"eltdf-pt-link\" href=\"https:\/\/gercekler.dijitalhukuk.site\/index.php\/2016\/01\/13\/plan-the-perfect-weekend-for-you-and-your-friends\/\" target=\"_self\">Plan the Perfect Weekend for You and Your Friends<\/a>\n        <\/h3>\n        <\/div>\n            <\/div>\n        <div class=\"eltdf-pt-info-section clearfix\">\n        <div class=\"eltdf-pt-info-section-left\">\n            <div itemprop=\"dateCreated\" class=\"eltdf-post-info-date entry-date updated\">\n\t\t\t<a itemprop=\"url\" href=\"https:\/\/gercekler.dijitalhukuk.site\/index.php\/2016\/01\/\">\n\t\t13 Ocak 2016\t\t\t<\/a>\n\t\t<meta itemprop=\"interactionCount\" content=\"UserComments: 3\"\/>\n<\/div>                    <\/div>\n        <div class=\"eltdf-pt-info-section-right\">\n            <div class=\"eltdf-post-info-comments-holder\"><a class=\"eltdf-post-info-comments\" href=\"https:\/\/gercekler.dijitalhukuk.site\/index.php\/2016\/01\/13\/plan-the-perfect-weekend-for-you-and-your-friends\/#comments\" target=\"_self\">3 Comments<\/a><\/div>                    <\/div>\n    <\/div>\n    \n<\/div><\/div><\/div><div class=\"eltdf-bnl-navigation-holder\">\n    <div data-rel=\"2 \" class=\"eltdf-btn eltdf-bnl-load-more eltdf-load-more eltdf-btn-solid\">\n        <a href=\"https:\/\/gercekler.dijitalhukuk.site\/index.php\/wp-json\/wp\/v2\/pages\/2021\/page\/2\/\" >Show More<\/a>    <\/div>\n    <div class=\"eltdf-btn eltdf-bnl-load-more-loading eltdf-btn-solid\">\n        <a href=\"javascript: void(0)\" class=\"\">\n            LOADING...        <\/a>\n    <\/div>\n<\/div><\/div>[\/vc_column][\/vc_row][vc_row css=&#8221;.vc_custom_1453729442468{padding-bottom: 60px !important;}&#8221;][vc_column]<div class=\"eltdf-section-title-holder clearfix\">\n            <h6 class=\"eltdf-st-title\">\n        Horizontal Navigation        <\/h6>\n    <\/div>[vc_empty_space height=&#8221;13px&#8221;]<div class=\"eltdf-bnl-holder eltdf-pl-one-holder  eltd-post-columns-3 eltdf-post-pag-np-horizontal\"  data-base=\"eltdf_post_layout_one\"    data-number_of_posts=\"3\" data-column_number=\"3\" data-category_id=\"2\"    data-post_in=\"398, 394, 114, 109, 104, 17\"   data-thumb_image_size=\"custom_size\" data-thumb_image_width=\"384\" data-thumb_image_height=\"261\"     data-display_category=\"no\"    data-display_excerpt=\"no\"    data-display_pagination=\"yes\" data-pagination_type=\"np-horizontal\"   data-paged=\"1\" data-max_pages=\"2\"  data-next_page=\"2\"><div class=\"eltdf-bnl-outer\"><div class=\"eltdf-bnl-inner\"><div class=\"eltdf-pt-one-item eltdf-post-item\">\n        <div class=\"eltdf-pt-one-content-holder\">\n        <div class=\"eltdf-pt-one-title-holder\">\n            <h3 class=\"eltdf-pt-one-title\">\n            <a itemprop=\"url\" class=\"eltdf-pt-link\" href=\"https:\/\/gercekler.dijitalhukuk.site\/index.php\/2024\/08\/15\/2024-08-her-turlu-cabaya-ragmen-kamuoyu-adnan\/\" target=\"_self\">Her T\u00fcrl\u00fc \u00c7abaya Ra\u011fmen Kamuoyu Adnan Oktar\u2019\u0131n Su\u00e7lu Oldu\u011funa \u0130kna Edilememi\u015ftir<\/a>\n        <\/h3>\n        <\/div>\n            <\/div>\n        <div class=\"eltdf-pt-info-section clearfix\">\n        <div class=\"eltdf-pt-info-section-left\">\n            <div itemprop=\"dateCreated\" class=\"eltdf-post-info-date entry-date updated\">\n\t\t\t<a itemprop=\"url\" href=\"https:\/\/gercekler.dijitalhukuk.site\/index.php\/2024\/08\/\">\n\t\t15 A\u011fustos 2024\t\t\t<\/a>\n\t\t<meta itemprop=\"interactionCount\" content=\"UserComments: 0\"\/>\n<\/div>                    <\/div>\n        <div class=\"eltdf-pt-info-section-right\">\n            <div class=\"eltdf-post-info-comments-holder\"><a class=\"eltdf-post-info-comments\" href=\"https:\/\/gercekler.dijitalhukuk.site\/index.php\/2024\/08\/15\/2024-08-her-turlu-cabaya-ragmen-kamuoyu-adnan\/#respond\" target=\"_self\">0 Comments<\/a><\/div>                    <\/div>\n    <\/div>\n    \n<\/div><div class=\"eltdf-pt-one-item eltdf-post-item\">\n            <div class=\"eltdf-pt-one-image-holder\">\n                        <div class=\"eltdf-pt-one-image-inner-holder\">\n                <a itemprop=\"url\" class=\"eltdf-pt-one-slide-link eltdf-image-link\" href=\"https:\/\/gercekler.dijitalhukuk.site\/index.php\/2016\/01\/13\/cafes-and-restaurants-your-favorite-celebs-like-visiting\/\" target=\"_self\">\n                <img loading=\"lazy\" decoding=\"async\" src=\"https:\/\/gercekler.dijitalhukuk.site\/wp-content\/uploads\/2016\/01\/e-cafes-and-restaurants-your-favorite-celebs-like-visiting-the-most-384x261.jpg\" alt=\"a\" width=\"384\" height=\"261\" \/>                <\/a>\n            <\/div>\n        <\/div>\n        <div class=\"eltdf-pt-one-content-holder\">\n        <div class=\"eltdf-pt-one-title-holder\">\n            <h3 class=\"eltdf-pt-one-title\">\n            <a itemprop=\"url\" class=\"eltdf-pt-link\" href=\"https:\/\/gercekler.dijitalhukuk.site\/index.php\/2016\/01\/13\/cafes-and-restaurants-your-favorite-celebs-like-visiting\/\" target=\"_self\">Cafes and Restaurants Your favorite Celebs like visiting<\/a>\n        <\/h3>\n        <\/div>\n            <\/div>\n        <div class=\"eltdf-pt-info-section clearfix\">\n        <div class=\"eltdf-pt-info-section-left\">\n            <div itemprop=\"dateCreated\" class=\"eltdf-post-info-date entry-date updated\">\n\t\t\t<a itemprop=\"url\" href=\"https:\/\/gercekler.dijitalhukuk.site\/index.php\/2016\/01\/\">\n\t\t13 Ocak 2016\t\t\t<\/a>\n\t\t<meta itemprop=\"interactionCount\" content=\"UserComments: 3\"\/>\n<\/div>                    <\/div>\n        <div class=\"eltdf-pt-info-section-right\">\n            <div class=\"eltdf-post-info-comments-holder\"><a class=\"eltdf-post-info-comments\" href=\"https:\/\/gercekler.dijitalhukuk.site\/index.php\/2016\/01\/13\/cafes-and-restaurants-your-favorite-celebs-like-visiting\/#comments\" target=\"_self\">3 Comments<\/a><\/div>                    <\/div>\n    <\/div>\n    \n<\/div><div class=\"eltdf-pt-one-item eltdf-post-item\">\n            <div class=\"eltdf-pt-one-image-holder\">\n                        <div class=\"eltdf-pt-one-image-inner-holder\">\n                <a itemprop=\"url\" class=\"eltdf-pt-one-slide-link eltdf-image-link\" href=\"https:\/\/gercekler.dijitalhukuk.site\/index.php\/2016\/01\/13\/the-following-seasons-best-arts-and-crafts-tv-shows\/\" target=\"_self\">\n                <img loading=\"lazy\" decoding=\"async\" src=\"https:\/\/gercekler.dijitalhukuk.site\/wp-content\/uploads\/2016\/01\/e-the-following-seasons-best-arts-and-crafts-tv-shows-384x261.jpg\" alt=\"a\" width=\"384\" height=\"261\" \/>                <\/a>\n            <\/div>\n        <\/div>\n        <div class=\"eltdf-pt-one-content-holder\">\n        <div class=\"eltdf-pt-one-title-holder\">\n            <h3 class=\"eltdf-pt-one-title\">\n            <a itemprop=\"url\" class=\"eltdf-pt-link\" href=\"https:\/\/gercekler.dijitalhukuk.site\/index.php\/2016\/01\/13\/the-following-seasons-best-arts-and-crafts-tv-shows\/\" target=\"_self\">The Following Season\u2019s Best Arts and Crafts TV Shows<\/a>\n        <\/h3>\n        <\/div>\n            <\/div>\n        <div class=\"eltdf-pt-info-section clearfix\">\n        <div class=\"eltdf-pt-info-section-left\">\n            <div itemprop=\"dateCreated\" class=\"eltdf-post-info-date entry-date updated\">\n\t\t\t<a itemprop=\"url\" href=\"https:\/\/gercekler.dijitalhukuk.site\/index.php\/2016\/01\/\">\n\t\t13 Ocak 2016\t\t\t<\/a>\n\t\t<meta itemprop=\"interactionCount\" content=\"UserComments: 3\"\/>\n<\/div>                    <\/div>\n        <div class=\"eltdf-pt-info-section-right\">\n            <div class=\"eltdf-post-info-comments-holder\"><a class=\"eltdf-post-info-comments\" href=\"https:\/\/gercekler.dijitalhukuk.site\/index.php\/2016\/01\/13\/the-following-seasons-best-arts-and-crafts-tv-shows\/#comments\" target=\"_self\">3 Comments<\/a><\/div>                    <\/div>\n    <\/div>\n    \n<\/div><\/div><\/div><div class=\"eltdf-bnl-navigation-holder\">\n    <div class=\"eltdf-bnl-navigation\">\n        <a class=\"eltdf-bnl-nav-icon eltdf-bnl-nav-prev\"><span><\/span><\/a>\n        <div class=\"eltdf-bnl-slider-paging\">\n                            <a class=\"eltdf-paging-button-holder\" href=\"#\"><span class=\"eltdf-paging-button\"><\/span><\/a>\n                            <a class=\"eltdf-paging-button-holder\" href=\"#\"><span class=\"eltdf-paging-button\"><\/span><\/a>\n                    <\/div>\n        <a class=\"eltdf-bnl-nav-icon eltdf-bnl-nav-next\"><span><\/span><\/a>\n    <\/div>\n<\/div><div class=\"eltdf-post-ajax-preloader\" style=\"display: none;\">\n    <div class=\"eltdf-pulse\"><\/div>\n    <div class=\"eltdf-pulse\"><\/div>\n    <div class=\"eltdf-pulse\"><\/div>\n<\/div><\/div>[\/vc_column][\/vc_row][vc_row css=&#8221;.vc_custom_1454669033631{padding-bottom: 68px !important;}&#8221;][vc_column]<div class=\"eltdf-section-title-holder clearfix\">\n            <h6 class=\"eltdf-st-title\">\n        Infinite Scroll        <\/h6>\n    <\/div>[vc_empty_space height=&#8221;13px&#8221;]<div class=\"eltdf-bnl-holder eltdf-pl-one-holder  eltd-post-columns-3 eltdf-post-pag-infinite\"  data-base=\"eltdf_post_layout_one\"    data-number_of_posts=\"3\" data-column_number=\"3\" data-category_id=\"7\"       data-thumb_image_size=\"custom_size\" data-thumb_image_width=\"384\" data-thumb_image_height=\"261\"     data-display_category=\"no\"    data-display_excerpt=\"no\"    data-display_pagination=\"yes\" data-pagination_type=\"infinite\"   data-paged=\"1\" data-max_pages=\"101\"  data-next_page=\"2\"><div class=\"eltdf-bnl-outer\"><div class=\"eltdf-bnl-inner\"><div class=\"eltdf-pt-one-item eltdf-post-item\">\n        <div class=\"eltdf-pt-one-content-holder\">\n        <div class=\"eltdf-pt-one-title-holder\">\n            <h3 class=\"eltdf-pt-one-title\">\n            <a itemprop=\"url\" class=\"eltdf-pt-link\" href=\"https:\/\/gercekler.dijitalhukuk.site\/index.php\/2025\/08\/15\/2025-08-adnan-oktardan-duyurudur-israil\/\" target=\"_self\">Adnan Oktar&#8217;dan Duyurudur; &#8220;\u0130srail-Filistin Sava\u015f\u0131n\u0131 Durdurabilirim&#8221;<\/a>\n        <\/h3>\n        <\/div>\n            <\/div>\n        <div class=\"eltdf-pt-info-section clearfix\">\n        <div class=\"eltdf-pt-info-section-left\">\n            <div itemprop=\"dateCreated\" class=\"eltdf-post-info-date entry-date updated\">\n\t\t\t<a itemprop=\"url\" href=\"https:\/\/gercekler.dijitalhukuk.site\/index.php\/2025\/08\/\">\n\t\t15 A\u011fustos 2025\t\t\t<\/a>\n\t\t<meta itemprop=\"interactionCount\" content=\"UserComments: 0\"\/>\n<\/div>                    <\/div>\n        <div class=\"eltdf-pt-info-section-right\">\n            <div class=\"eltdf-post-info-comments-holder\"><a class=\"eltdf-post-info-comments\" href=\"https:\/\/gercekler.dijitalhukuk.site\/index.php\/2025\/08\/15\/2025-08-adnan-oktardan-duyurudur-israil\/#respond\" target=\"_self\">0 Comments<\/a><\/div>                    <\/div>\n    <\/div>\n    \n<\/div><div class=\"eltdf-pt-one-item eltdf-post-item\">\n        <div class=\"eltdf-pt-one-content-holder\">\n        <div class=\"eltdf-pt-one-title-holder\">\n            <h3 class=\"eltdf-pt-one-title\">\n            <a itemprop=\"url\" class=\"eltdf-pt-link\" href=\"https:\/\/gercekler.dijitalhukuk.site\/index.php\/2025\/08\/15\/2025-08-adnan-oktardan-duyurudur-kadn\/\" target=\"_self\">Adnan Oktar&#8217;dan Duyurudur; &#8220;Kad\u0131n Cinayetlerini Durdurabilirim&#8221;<\/a>\n        <\/h3>\n        <\/div>\n            <\/div>\n        <div class=\"eltdf-pt-info-section clearfix\">\n        <div class=\"eltdf-pt-info-section-left\">\n            <div itemprop=\"dateCreated\" class=\"eltdf-post-info-date entry-date updated\">\n\t\t\t<a itemprop=\"url\" href=\"https:\/\/gercekler.dijitalhukuk.site\/index.php\/2025\/08\/\">\n\t\t15 A\u011fustos 2025\t\t\t<\/a>\n\t\t<meta itemprop=\"interactionCount\" content=\"UserComments: 0\"\/>\n<\/div>                    <\/div>\n        <div class=\"eltdf-pt-info-section-right\">\n            <div class=\"eltdf-post-info-comments-holder\"><a class=\"eltdf-post-info-comments\" href=\"https:\/\/gercekler.dijitalhukuk.site\/index.php\/2025\/08\/15\/2025-08-adnan-oktardan-duyurudur-kadn\/#respond\" target=\"_self\">0 Comments<\/a><\/div>                    <\/div>\n    <\/div>\n    \n<\/div><div class=\"eltdf-pt-one-item eltdf-post-item\">\n        <div class=\"eltdf-pt-one-content-holder\">\n        <div class=\"eltdf-pt-one-title-holder\">\n            <h3 class=\"eltdf-pt-one-title\">\n            <a itemprop=\"url\" class=\"eltdf-pt-link\" href=\"https:\/\/gercekler.dijitalhukuk.site\/index.php\/2025\/08\/14\/2025-08-gazetecinin-gorevi-sevgiyi-yesertmek\/\" target=\"_self\">Gazetecinin G\u00f6revi Sevgiyi Ye\u015fertmek Olmal\u0131<\/a>\n        <\/h3>\n        <\/div>\n            <\/div>\n        <div class=\"eltdf-pt-info-section clearfix\">\n        <div class=\"eltdf-pt-info-section-left\">\n            <div itemprop=\"dateCreated\" class=\"eltdf-post-info-date entry-date updated\">\n\t\t\t<a itemprop=\"url\" href=\"https:\/\/gercekler.dijitalhukuk.site\/index.php\/2025\/08\/\">\n\t\t14 A\u011fustos 2025\t\t\t<\/a>\n\t\t<meta itemprop=\"interactionCount\" content=\"UserComments: 0\"\/>\n<\/div>                    <\/div>\n        <div class=\"eltdf-pt-info-section-right\">\n            <div class=\"eltdf-post-info-comments-holder\"><a class=\"eltdf-post-info-comments\" href=\"https:\/\/gercekler.dijitalhukuk.site\/index.php\/2025\/08\/14\/2025-08-gazetecinin-gorevi-sevgiyi-yesertmek\/#respond\" target=\"_self\">0 Comments<\/a><\/div>                    <\/div>\n    <\/div>\n    \n<\/div><\/div><\/div><\/div>[\/vc_column][\/vc_row]<\/p>\n","protected":false},"excerpt":{"rendered":"<p>[vc_row css=&#8221;.vc_custom_1453729423514{padding-bottom: 60px !important;}&#8221;][vc_column][vc_empty_space height=&#8221;13px&#8221;][\/vc_column][\/vc_row][vc_row css=&#8221;.vc_custom_1453729442468{padding-bottom: 60px !important;}&#8221;][vc_column][vc_empty_space height=&#8221;13px&#8221;][\/vc_column][\/vc_row][vc_row css=&#8221;.vc_custom_1454669033631{padding-bottom: 68px !important;}&#8221;][vc_column][vc_empty_space height=&#8221;13px&#8221;][\/vc_column][\/vc_row]<\/p>\n","protected":false},"author":1,"featured_media":0,"parent":0,"menu_order":0,"comment_status":"closed","ping_status":"closed","template":"","meta":{"_acf_changed":false,"footnotes":""},"class_list":["post-2021","page","type-page","status-publish","hentry"],"acf":[],"_links":{"self":[{"href":"https:\/\/gercekler.dijitalhukuk.site\/index.php\/wp-json\/wp\/v2\/pages\/2021","targetHints":{"allow":["GET"]}}],"collection":[{"href":"https:\/\/gercekler.dijitalhukuk.site\/index.php\/wp-json\/wp\/v2\/pages"}],"about":[{"href":"https:\/\/gercekler.dijitalhukuk.site\/index.php\/wp-json\/wp\/v2\/types\/page"}],"author":[{"embeddable":true,"href":"https:\/\/gercekler.dijitalhukuk.site\/index.php\/wp-json\/wp\/v2\/users\/1"}],"replies":[{"embeddable":true,"href":"https:\/\/gercekler.dijitalhukuk.site\/index.php\/wp-json\/wp\/v2\/comments?post=2021"}],"version-history":[{"count":0,"href":"https:\/\/gercekler.dijitalhukuk.site\/index.php\/wp-json\/wp\/v2\/pages\/2021\/revisions"}],"wp:attachment":[{"href":"https:\/\/gercekler.dijitalhukuk.site\/index.php\/wp-json\/wp\/v2\/media?parent=2021"}],"curies":[{"name":"wp","href":"https:\/\/api.w.org\/{rel}","templated":true}]}}